{"id":1843,"date":"2020-10-05T16:30:09","date_gmt":"2020-10-05T19:30:09","guid":{"rendered":"http:\/\/www.emporioamazonervas.com.br\/?post_type=product&#038;p=1843"},"modified":"2022-12-26T18:07:20","modified_gmt":"2022-12-26T21:07:20","slug":"betacolin-120-capsulas-500mg","status":"publish","type":"product","link":"https:\/\/www.emporioamazonervas.com.br\/index.php\/produto\/betacolin-120-capsulas-500mg\/","title":{"rendered":"Betacolin 120 Caps 500mg &#8211; ClinicMais"},"content":{"rendered":"<p style=\"text-align: justify\">Pode ajudar a estimular a pigmenta\u00e7\u00e3o da pele, por conter betacaroteno; Pode auxiliar a prolongar o bronzeado; Possui a\u00e7\u00e3o antioxidante. O uso deste produto deve ser associado a uma alimenta\u00e7\u00e3o equilibrada e h\u00e1bitos de vida saud\u00e1veis. Suplemento de vitamina A, \u00e0 base de Betacaroteno com Biotina e Colina.<\/p>\n<p style=\"text-align: justify\">O Betacolin com Biotina e Colina \u00e9 um <u>suplemento<\/u>\u00a0alimentar natural, que em nosso organismo \u00e9 transformado para melhor sintetizar a produ\u00e7\u00e3o de vitamina A, portanto sua principal finalidade \u00e9 sua a\u00e7\u00e3o antioxidante que \u00e9 muito atrativa para a nossa melhor qualidade de vida, ela atua diretamente na prote\u00e7\u00e3o das c\u00e9lulas evitando a altera\u00e7\u00e3o do DNA da c\u00e9lula ou seja reduzindo o risco de c\u00e2ncer pois a altera\u00e7\u00e3o do DNA da c\u00e9lula \u00e9 um risco muito grande para o desenvolvimento da doen\u00e7as, al\u00e9m da sua propriedade antioxidante auxiliando na melhor qualidade de nossa sa\u00fade em sua composi\u00e7\u00e3o traz grande n\u00fameros de vitamina A, muito essencial para nossa boa longevidade pois pode atuar contra o envelhecimento precoce da pele e ainda pode ser ben\u00e9fico a vis\u00e3o.<\/p>\n","protected":false},"excerpt":{"rendered":"<p>Suplemento de vitamina A, \u00e0 base de Betacaroteno com Biotina e Colina.<\/p>\n","protected":false},"featured_media":2793,"comment_status":"open","ping_status":"closed","template":"","meta":[],"product_cat":[173],"product_tag":[316,495,308,179,222,368,795,556,178,112],"_links":{"self":[{"href":"https:\/\/www.emporioamazonervas.com.br\/index.php\/wp-json\/wp\/v2\/product\/1843"}],"collection":[{"href":"https:\/\/www.emporioamazonervas.com.br\/index.php\/wp-json\/wp\/v2\/product"}],"about":[{"href":"https:\/\/www.emporioamazonervas.com.br\/index.php\/wp-json\/wp\/v2\/types\/product"}],"replies":[{"embeddable":true,"href":"https:\/\/www.emporioamazonervas.com.br\/index.php\/wp-json\/wp\/v2\/comments?post=1843"}],"wp:featuredmedia":[{"embeddable":true,"href":"https:\/\/www.emporioamazonervas.com.br\/index.php\/wp-json\/wp\/v2\/media\/2793"}],"wp:attachment":[{"href":"https:\/\/www.emporioamazonervas.com.br\/index.php\/wp-json\/wp\/v2\/media?parent=1843"}],"wp:term":[{"taxonomy":"product_cat","embeddable":true,"href":"https:\/\/www.emporioamazonervas.com.br\/index.php\/wp-json\/wp\/v2\/product_cat?post=1843"},{"taxonomy":"product_tag","embeddable":true,"href":"https:\/\/www.emporioamazonervas.com.br\/index.php\/wp-json\/wp\/v2\/product_tag?post=1843"}],"curies":[{"name":"wp","href":"https:\/\/api.w.org\/{rel}","templated":true}]}}