{"id":1841,"date":"2020-10-05T16:20:06","date_gmt":"2020-10-05T19:20:06","guid":{"rendered":"http:\/\/www.emporioamazonervas.com.br\/?post_type=product&#038;p=1841"},"modified":"2022-09-26T18:55:34","modified_gmt":"2022-09-26T21:55:34","slug":"biobella-30-capsulas-480mg","status":"publish","type":"product","link":"https:\/\/www.emporioamazonervas.com.br\/index.php\/produto\/biobella-30-capsulas-480mg\/","title":{"rendered":"BioBella 30 C\u00e1psulas 480mg &#8211; ClinicMais"},"content":{"rendered":"<p style=\"text-align: justify\">O Biobella cabelos e unhas \u00e9 um suplemento natural a base diversas\u00a0<u>vitaminas<\/u>\u00a0e minerais, ele \u00e9 ideal para mulheres que se importam com sua sa\u00fade e beleza, pois como sabemos qualquer erro ou dificuldade em uma alimenta\u00e7\u00e3o correta pode prejudicar diretamente a qualidade da nossa pele, cabelos e unhas, ent\u00e3o se voc\u00ea possui uma rotina apertada n\u00e3o tem tempo para realizar todas refei\u00e7\u00f5es do seu dia e falta algum nutriente em seu organismo esse suplemento pode ser muito interessante para voc\u00ea, pois nosso organismo necessita de todas substancias na quantidade ideal para fornecer uma melhor qualidade na for\u00e7a e beleza dos cabelos, unhas e pele, a ch\u00e1 mais estudou muito o produto para fornecer todas essas substancias e em uma quantidade que possa proporcionar somente benef\u00edcios na sua utiliza\u00e7\u00e3o.<\/p>\n<p style=\"text-align: justify\">O Biobella cabelos e unhas oferecer diversas propriedades interessantes, pois \u00e9 um suplemento natural rico em diversos\u00a0<u>minerais<\/u>\u00a0e vitaminas, ele pode auxiliar voc\u00ea alcan\u00e7ar essas propriedades:<\/p>\n<ul>\n<li style=\"text-align: justify\">Melhora a pele, pois possui diversas substancias que podem ser atrativas para a prote\u00e7\u00e3o da pele, inclusive algumas que podem sintetizar o col\u00e1geno o que pode proporcionar uma qualidade de toda estrutura da sua pele.<\/li>\n<li style=\"text-align: justify\">Melhora na beleza e fortalecimento do cabelo e unhas, h\u00e1 diversos minerais e vitaminas para que voc\u00ea possa melhorar a qualidade de todo seu cabelo e unhas, todas elas naturais e muito ben\u00e9ficas pois s\u00e3o respons\u00e1veis pelo fortalecimento das unhas e cabelos, algo que n\u00e3o \u00e9 conseguido de outra forma se n\u00e3o a alimenta\u00e7\u00e3o adequada.<\/li>\n<li style=\"text-align: justify\">A\u00e7\u00e3o\u00a0<u>antioxidante<\/u>, como j\u00e1 citado acima o Biobella da Ch\u00e1 mais pode auxiliar voc\u00ea a alcan\u00e7ar a a\u00e7\u00e3o antioxidante que tem como principal vantagem em seu caso eliminar metais pesados e radicais livres que podem estar prejudicando a sua sa\u00fade e beleza.<\/li>\n<li style=\"text-align: justify\">N\u00e3o contem gl\u00faten.<\/li>\n<li style=\"text-align: justify\">Rico em diversas vitaminas e minerais.<\/li>\n<\/ul>\n","protected":false},"excerpt":{"rendered":"<p>O Biobella cabelos e unhas oferecer diversas propriedades interessantes, pois \u00e9 um suplemento natural rico em diversos\u00a0<u><a href=\"https:\/\/www.edin.com.br\/minerais\">minerais<\/a><\/u>\u00a0e vitaminas.<\/p>\n","protected":false},"featured_media":2300,"comment_status":"open","ping_status":"closed","template":"","meta":[],"product_cat":[173],"product_tag":[494,490,492,222,361,310,493,491,399],"_links":{"self":[{"href":"https:\/\/www.emporioamazonervas.com.br\/index.php\/wp-json\/wp\/v2\/product\/1841"}],"collection":[{"href":"https:\/\/www.emporioamazonervas.com.br\/index.php\/wp-json\/wp\/v2\/product"}],"about":[{"href":"https:\/\/www.emporioamazonervas.com.br\/index.php\/wp-json\/wp\/v2\/types\/product"}],"replies":[{"embeddable":true,"href":"https:\/\/www.emporioamazonervas.com.br\/index.php\/wp-json\/wp\/v2\/comments?post=1841"}],"wp:featuredmedia":[{"embeddable":true,"href":"https:\/\/www.emporioamazonervas.com.br\/index.php\/wp-json\/wp\/v2\/media\/2300"}],"wp:attachment":[{"href":"https:\/\/www.emporioamazonervas.com.br\/index.php\/wp-json\/wp\/v2\/media?parent=1841"}],"wp:term":[{"taxonomy":"product_cat","embeddable":true,"href":"https:\/\/www.emporioamazonervas.com.br\/index.php\/wp-json\/wp\/v2\/product_cat?post=1841"},{"taxonomy":"product_tag","embeddable":true,"href":"https:\/\/www.emporioamazonervas.com.br\/index.php\/wp-json\/wp\/v2\/product_tag?post=1841"}],"curies":[{"name":"wp","href":"https:\/\/api.w.org\/{rel}","templated":true}]}}