{"id":1703,"date":"2018-04-12T12:40:56","date_gmt":"2018-04-12T15:40:56","guid":{"rendered":"http:\/\/emporioamazonervas.com.br\/?post_type=product&#038;p=1703"},"modified":"2023-03-20T09:40:07","modified_gmt":"2023-03-20T12:40:07","slug":"gel-energy-vo2-banana-30g","status":"publish","type":"product","link":"https:\/\/www.emporioamazonervas.com.br\/index.php\/produto\/gel-energy-vo2-banana-30g\/","title":{"rendered":"Gel Energy VO2 Sabor: Banana 30g &#8211; Integralm\u00e9dica"},"content":{"rendered":"","protected":false},"excerpt":{"rendered":"<p>O gel VO2 se torna uma excelente ferramenta para a manuten\u00e7\u00e3o da performance durante as atividades de\u00a0resist\u00eancia, pois \u00e9 um suplemento a base de carboidratos, eletr\u00f3litos e vitaminas antioxidantes, indispens\u00e1veis durante o exerc\u00edcio.<\/p>\n<ul>\n<li>AUMENTO DE ENERGIA E HIDRATA\u00c7\u00c3O<\/li>\n<li>SUPLEMENTO ENERG\u00c9TICO PARA ATLETAS<\/li>\n<\/ul>\n<p>Indicado para praticantes de atividades f\u00edsicas em geral, principalmente de alta intensidade e longa dura\u00e7\u00e3o.<\/p>\n","protected":false},"featured_media":2693,"comment_status":"open","ping_status":"closed","template":"","meta":[],"product_cat":[464],"product_tag":[414,402,466,42,467,84,465],"_links":{"self":[{"href":"https:\/\/www.emporioamazonervas.com.br\/index.php\/wp-json\/wp\/v2\/product\/1703"}],"collection":[{"href":"https:\/\/www.emporioamazonervas.com.br\/index.php\/wp-json\/wp\/v2\/product"}],"about":[{"href":"https:\/\/www.emporioamazonervas.com.br\/index.php\/wp-json\/wp\/v2\/types\/product"}],"replies":[{"embeddable":true,"href":"https:\/\/www.emporioamazonervas.com.br\/index.php\/wp-json\/wp\/v2\/comments?post=1703"}],"wp:featuredmedia":[{"embeddable":true,"href":"https:\/\/www.emporioamazonervas.com.br\/index.php\/wp-json\/wp\/v2\/media\/2693"}],"wp:attachment":[{"href":"https:\/\/www.emporioamazonervas.com.br\/index.php\/wp-json\/wp\/v2\/media?parent=1703"}],"wp:term":[{"taxonomy":"product_cat","embeddable":true,"href":"https:\/\/www.emporioamazonervas.com.br\/index.php\/wp-json\/wp\/v2\/product_cat?post=1703"},{"taxonomy":"product_tag","embeddable":true,"href":"https:\/\/www.emporioamazonervas.com.br\/index.php\/wp-json\/wp\/v2\/product_tag?post=1703"}],"curies":[{"name":"wp","href":"https:\/\/api.w.org\/{rel}","templated":true}]}}