{"id":1691,"date":"2018-04-12T12:15:21","date_gmt":"2018-04-12T15:15:21","guid":{"rendered":"http:\/\/emporioamazonervas.com.br\/?post_type=product&#038;p=1691"},"modified":"2023-02-18T20:59:44","modified_gmt":"2023-02-18T23:59:44","slug":"gel-energy-vo2-tangerina-30g","status":"publish","type":"product","link":"https:\/\/www.emporioamazonervas.com.br\/index.php\/produto\/gel-energy-vo2-tangerina-30g\/","title":{"rendered":"Gel Energy VO2 Sabor: Energy Drink 30g &#8211; Integralm\u00e9dica"},"content":{"rendered":"<p style=\"text-align: justify\">VO2 GEL ENERG\u00c9TICO \u00e9 um grande aliado dos atletas para manter o desempenho ao longo de treinamentos e competi\u00e7\u00f5es\u00a0 intensas. O gel VO2 combina\u00a0 os\u00a0 carboidratos\u00a0 maltodextrina,\u00a0 dextrose\u00a0 e\u00a0 frutose,\u00a0 que\u00a0 juntos\u00a0 favorecem\u00a0 a\u00a0 absor\u00e7\u00e3o\u00a0 energ\u00e9tica,\u00a0 porque\u00a0 possuem\u00a0 diferentes\u00a0 velocidades\u00a0 de\u00a0 libera\u00e7\u00e3o de energia. S\u00f3dio e pot\u00e1ssio, demais ingredientes da f\u00f3rmula, agem na reposi\u00e7\u00e3o dos eletr\u00f3litos perdidos com o suor, ajudando voc\u00ea a manter a hidrata\u00e7\u00e3o durante a pr\u00e1tica esportiva. A linha de g\u00e9is VO2 integral m\u00e9dica traz ainda vers\u00f5es com adi\u00e7\u00e3o de cafe\u00edna e taurina para um maior est\u00edmulo pr\u00e9-treino.<\/p>\n<p><strong>Benef\u00edcios:<\/strong><br \/>\n&#8211; 50mg de cafe\u00edna<br \/>\n&#8211; 500mg de taurina<br \/>\n&#8211; 85mg de s\u00f3dio<br \/>\n&#8211; 40mg de Pot\u00e1ssio<br \/>\n&#8211; Sem Gl\u00faten\u00a0<strong><br \/>\n&#8211;\u00a0<\/strong>Reposi\u00e7\u00e3o de energia<br \/>\n&#8211; Ajuda manter a hidrata\u00e7\u00e3o<\/p>\n","protected":false},"excerpt":{"rendered":"<p>O gel VO2 se torna uma excelente ferramenta para a manuten\u00e7\u00e3o da performance durante as atividades de\u00a0resist\u00eancia, pois \u00e9 um suplemento a base de carboidratos, eletr\u00f3litos e vitaminas antioxidantes, indispens\u00e1veis durante o exerc\u00edcio.<\/p>\n<ul>\n<li>AUMENTO DE ENERGIA E HIDRATA\u00c7\u00c3O<\/li>\n<li>SUPLEMENTO ENERG\u00c9TICO PARA ATLETAS<\/li>\n<\/ul>\n<p>Indicado para praticantes de atividades f\u00edsicas em geral, principalmente de alta intensidade e longa dura\u00e7\u00e3o.<\/p>\n","protected":false},"featured_media":2695,"comment_status":"open","ping_status":"closed","template":"","meta":[],"product_cat":[464],"product_tag":[136,402,466,42,84,465],"_links":{"self":[{"href":"https:\/\/www.emporioamazonervas.com.br\/index.php\/wp-json\/wp\/v2\/product\/1691"}],"collection":[{"href":"https:\/\/www.emporioamazonervas.com.br\/index.php\/wp-json\/wp\/v2\/product"}],"about":[{"href":"https:\/\/www.emporioamazonervas.com.br\/index.php\/wp-json\/wp\/v2\/types\/product"}],"replies":[{"embeddable":true,"href":"https:\/\/www.emporioamazonervas.com.br\/index.php\/wp-json\/wp\/v2\/comments?post=1691"}],"wp:featuredmedia":[{"embeddable":true,"href":"https:\/\/www.emporioamazonervas.com.br\/index.php\/wp-json\/wp\/v2\/media\/2695"}],"wp:attachment":[{"href":"https:\/\/www.emporioamazonervas.com.br\/index.php\/wp-json\/wp\/v2\/media?parent=1691"}],"wp:term":[{"taxonomy":"product_cat","embeddable":true,"href":"https:\/\/www.emporioamazonervas.com.br\/index.php\/wp-json\/wp\/v2\/product_cat?post=1691"},{"taxonomy":"product_tag","embeddable":true,"href":"https:\/\/www.emporioamazonervas.com.br\/index.php\/wp-json\/wp\/v2\/product_tag?post=1691"}],"curies":[{"name":"wp","href":"https:\/\/api.w.org\/{rel}","templated":true}]}}