{"id":1632,"date":"2018-01-15T20:32:17","date_gmt":"2018-01-15T22:32:17","guid":{"rendered":"http:\/\/emporioamazonervas.com.br\/?post_type=product&#038;p=1632"},"modified":"2022-11-08T18:52:34","modified_gmt":"2022-11-08T21:52:34","slug":"bcaa-power-guaranaacai-200g","status":"publish","type":"product","link":"https:\/\/www.emporioamazonervas.com.br\/index.php\/produto\/bcaa-power-guaranaacai-200g\/","title":{"rendered":"BCAA Zero Guaran\u00e1\/A\u00e7a\u00ed 200g &#8211; Integralmedica"},"content":{"rendered":"<p style=\"text-align: justify\">BCAA Zero \u00e9 composto pelos amino\u00e1cidos de cadeia rami\u00adcada L-valina, L-leucina e L-isoleucina, os chamados BCAA (do ingl\u00eas, Branched-chain Amino Acid). Nosso organismo necessita desses amino\u00e1cidos para a s\u00edntese de prote\u00ednas que formam nossas estruturas musculares.<\/p>\n<p style=\"text-align: justify\">Como n\u00e3o s\u00e3o produzidos por nosso corpo, precisam ser ingeridos por meio da alimenta\u00e7\u00e3o ou suplementa\u00e7\u00e3o. Possui \u00f3tima solubilidade e \u00e9 indicado a todos que necessitam de uma ingest\u00e3o e\u00adcaz de amino\u00e1cidos essenciais. Nutri\u00e7\u00e3o e treino adequados est\u00e3o na base da evolu\u00e7\u00e3o f\u00edsica de atletas e esportistas.<\/p>\n<p style=\"text-align: justify\">Com tr\u00eas d\u00e9cadas de tradi\u00e7\u00e3o, a Integralm\u00e9dica traduz a ci\u00eancia da nutri\u00e7\u00e3o esportiva em uma vasta linha de suplementos adequados a diferentes objetivos de desempenho, est\u00e9tica e sa\u00fade. Integralm\u00e9dica \u00e9 inova\u00e7\u00e3o, qualidade e tecnologia ao alcance de atletas e praticantes de atividades f\u00edsicas de todos os n\u00edveis.<\/p>\n<p style=\"text-align: justify\">0% CARBOHYDRATES AND SUGAR<\/p>\n<p style=\"text-align: justify\">Vitamina B6.<\/p>\n<p style=\"text-align: justify\">Recupera\u00e7\u00e3o Muscular.<\/p>\n<p style=\"text-align: justify\">Anticatab\u00f3lico.<\/p>\n<p style=\"text-align: justify\">2600mg BCAA.<\/p>\n<p style=\"text-align: justify\">1730mg de Leucina<\/p>\n","protected":false},"excerpt":{"rendered":"<p>BCAA POWDER \u00e9 composto pelos amino\u00e1cidos de cadeia rami\u00adcada L-valina, L-leucina e L-isoleucina, os chamados BCAA.<\/p>\n","protected":false},"featured_media":2462,"comment_status":"open","ping_status":"closed","template":"","meta":[],"product_cat":[131],"product_tag":[122,292,135,42,84,140,485],"_links":{"self":[{"href":"https:\/\/www.emporioamazonervas.com.br\/index.php\/wp-json\/wp\/v2\/product\/1632"}],"collection":[{"href":"https:\/\/www.emporioamazonervas.com.br\/index.php\/wp-json\/wp\/v2\/product"}],"about":[{"href":"https:\/\/www.emporioamazonervas.com.br\/index.php\/wp-json\/wp\/v2\/types\/product"}],"replies":[{"embeddable":true,"href":"https:\/\/www.emporioamazonervas.com.br\/index.php\/wp-json\/wp\/v2\/comments?post=1632"}],"wp:featuredmedia":[{"embeddable":true,"href":"https:\/\/www.emporioamazonervas.com.br\/index.php\/wp-json\/wp\/v2\/media\/2462"}],"wp:attachment":[{"href":"https:\/\/www.emporioamazonervas.com.br\/index.php\/wp-json\/wp\/v2\/media?parent=1632"}],"wp:term":[{"taxonomy":"product_cat","embeddable":true,"href":"https:\/\/www.emporioamazonervas.com.br\/index.php\/wp-json\/wp\/v2\/product_cat?post=1632"},{"taxonomy":"product_tag","embeddable":true,"href":"https:\/\/www.emporioamazonervas.com.br\/index.php\/wp-json\/wp\/v2\/product_tag?post=1632"}],"curies":[{"name":"wp","href":"https:\/\/api.w.org\/{rel}","templated":true}]}}