{"id":1630,"date":"2018-01-15T20:21:23","date_gmt":"2018-01-15T22:21:23","guid":{"rendered":"http:\/\/emporioamazonervas.com.br\/?post_type=product&#038;p=1630"},"modified":"2022-10-19T12:11:41","modified_gmt":"2022-10-19T15:11:41","slug":"glutamine-isolates-300g","status":"publish","type":"product","link":"https:\/\/www.emporioamazonervas.com.br\/index.php\/produto\/glutamine-isolates-300g\/","title":{"rendered":"Glutamine Isolates 300g &#8211; Integralm\u00e9dica"},"content":{"rendered":"<p style=\"text-align: justify\">A glutamina \u00e9 o amino\u00e1cido livre mais abundante no corpo humano. Ela garante a integridade do tecido muscular, participa do metabolismo energ\u00e9tico e atua aperfei\u00e7oando o sistema imunol\u00f3gico. A suplementa\u00e7\u00e3o de glutamina favorece o organismo na obten\u00e7\u00e3o de um balan\u00e7o nitrogenado positivo.<\/p>\n<p style=\"text-align: justify\">Nutri\u00e7\u00e3o e treino adequados est\u00e3o na base da evolu\u00e7\u00e3o f\u00edsica de atletas e esportistas. Com tr\u00eas d\u00e9cadas de tradi\u00e7\u00e3o, a Integralm\u00e9dica traduz a ci\u00eancia da nutri\u00e7\u00e3o esportiva em uma vasta linha de suplementos adequados a diferentes objetivos de desempenho, est\u00e9tica e sa\u00fade. Integralm\u00e9dica \u00e9 inova\u00e7\u00e3o, qualidade e tecnologia ao alcance de atletas e praticantes de atividades f\u00edsicas de todos os n\u00edveis.<\/p>\n<div class=\"__bs-whats-for-check-container\">\n<ul>\n<li class=\"__bs-whats-for-text\">Auxilia no sistema imunol\u00f3gico;<\/li>\n<li>A\u00e7\u00e3o anticatab\u00f3lica;<\/li>\n<li>A\u00e7\u00e3o antioxidante.<\/li>\n<li>\u00a0L-GLUTAMINE<\/li>\n<li>100% PURE<\/li>\n<\/ul>\n<\/div>\n<p>&nbsp;<\/p>\n","protected":false},"excerpt":{"rendered":"<p>Garante a integridade do tecido muscular, participa do metabolismo energ\u00e9tico e atua aperfei\u00e7oando o sistema imunol\u00f3gico.<\/p>\n","protected":false},"featured_media":2361,"comment_status":"open","ping_status":"closed","template":"","meta":[],"product_cat":[131,589,39],"product_tag":[293,316,442,441,42,766,679,84,765],"_links":{"self":[{"href":"https:\/\/www.emporioamazonervas.com.br\/index.php\/wp-json\/wp\/v2\/product\/1630"}],"collection":[{"href":"https:\/\/www.emporioamazonervas.com.br\/index.php\/wp-json\/wp\/v2\/product"}],"about":[{"href":"https:\/\/www.emporioamazonervas.com.br\/index.php\/wp-json\/wp\/v2\/types\/product"}],"replies":[{"embeddable":true,"href":"https:\/\/www.emporioamazonervas.com.br\/index.php\/wp-json\/wp\/v2\/comments?post=1630"}],"wp:featuredmedia":[{"embeddable":true,"href":"https:\/\/www.emporioamazonervas.com.br\/index.php\/wp-json\/wp\/v2\/media\/2361"}],"wp:attachment":[{"href":"https:\/\/www.emporioamazonervas.com.br\/index.php\/wp-json\/wp\/v2\/media?parent=1630"}],"wp:term":[{"taxonomy":"product_cat","embeddable":true,"href":"https:\/\/www.emporioamazonervas.com.br\/index.php\/wp-json\/wp\/v2\/product_cat?post=1630"},{"taxonomy":"product_tag","embeddable":true,"href":"https:\/\/www.emporioamazonervas.com.br\/index.php\/wp-json\/wp\/v2\/product_tag?post=1630"}],"curies":[{"name":"wp","href":"https:\/\/api.w.org\/{rel}","templated":true}]}}