{"id":1627,"date":"2018-01-15T19:04:12","date_gmt":"2018-01-15T21:04:12","guid":{"rendered":"http:\/\/emporioamazonervas.com.br\/?post_type=product&#038;p=1627"},"modified":"2022-10-19T12:13:43","modified_gmt":"2022-10-19T15:13:43","slug":"glutamine-isolates-150g","status":"publish","type":"product","link":"https:\/\/www.emporioamazonervas.com.br\/index.php\/produto\/glutamine-isolates-150g\/","title":{"rendered":"Glutamine Isolates 150g &#8211; Integralm\u00e9dica"},"content":{"rendered":"<p>A\u00a0<strong>glutamina em p\u00f3<\/strong>\u00a0ajuda o corpo a se proteger contra as perdas excessivas de tecido muscular. Quem treina pesado, provavelmente necessita de mais Glutamina do que pessoas sedent\u00e1rias.<\/p>\n<p>Glutamina \u00e9 o amino\u00e1cido n\u00e3o-essencial mais abundante no corpo humano. Ele pode ser encontrado principalmente no sangue e m\u00fasculos. Desempenha um papel fundamental no metabolismo prot\u00e9ico, no aumento do volume celular e no anti-catabolismo. Isso significa que pode auxiliar na preven\u00e7\u00e3o da perda de m\u00fasculos.\u00a0<strong>Glutamina\u00a0<\/strong>tem uma estrutura \u00fanica consistindo em 19% de nitrog\u00eanio que o torna o transportador prim\u00e1rio de nitrog\u00eanio para a c\u00e9lula do m\u00fasculo. \u00c9 respons\u00e1vel por 35% do nitrog\u00eanio que chega \u00e0s c\u00e9lulas musculares onde \u00e9 sintetizado para crescimento.<\/p>\n<h3 class=\"beneficio\">BENEF\u00cdCIOS<\/h3>\n<p style=\"margin-bottom: 1.71429rem\">\u2013 Potencializa e fortalece o sistema imunol\u00f3gico;<br \/>\n\u2013 Mant\u00e9m a integridade da mucosa intestinal; formando uma barreira contra poss\u00edveis \u201cinvasores\u201d (bact\u00e9rias e v\u00edrus);<br \/>\n\u2013 Aumenta e controle a s\u00edntese de prote\u00ednas;<br \/>\n\u2013 Colabora nas fun\u00e7\u00f5es de anabolismo muscular e previne o catabolismo;<br \/>\n\u2013 Previne a s\u00edndrome de Overtrainning.<\/p>\n<p>Este produto foi elaborado para ser adicionado a alimentos ou bebidas. A quantidade a ser administrada deve ser ajustada de acordo com as necessidades nutricionais de cada indiv\u00edduo. Consumir 5g (1 medida dosadora), dilu\u00eddo em 100ml de \u00e1gua ou combinado ao seu Whey Protein, pela manh\u00e3 ou no p\u00f3s-treino imediato, ou conforme orienta\u00e7\u00e3o profissional.<br \/>\nN\u00e3o Cont\u00e9m Gl\u00faten.<\/p>\n","protected":false},"excerpt":{"rendered":"<p>A\u00a0<strong>glutamina em p\u00f3<\/strong>\u00a0ajuda o corpo a se proteger contra as perdas excessivas de tecido muscular.<\/p>\n","protected":false},"featured_media":2363,"comment_status":"open","ping_status":"closed","template":"","meta":[],"product_cat":[131],"product_tag":[487,442,441,42,486,84],"_links":{"self":[{"href":"https:\/\/www.emporioamazonervas.com.br\/index.php\/wp-json\/wp\/v2\/product\/1627"}],"collection":[{"href":"https:\/\/www.emporioamazonervas.com.br\/index.php\/wp-json\/wp\/v2\/product"}],"about":[{"href":"https:\/\/www.emporioamazonervas.com.br\/index.php\/wp-json\/wp\/v2\/types\/product"}],"replies":[{"embeddable":true,"href":"https:\/\/www.emporioamazonervas.com.br\/index.php\/wp-json\/wp\/v2\/comments?post=1627"}],"wp:featuredmedia":[{"embeddable":true,"href":"https:\/\/www.emporioamazonervas.com.br\/index.php\/wp-json\/wp\/v2\/media\/2363"}],"wp:attachment":[{"href":"https:\/\/www.emporioamazonervas.com.br\/index.php\/wp-json\/wp\/v2\/media?parent=1627"}],"wp:term":[{"taxonomy":"product_cat","embeddable":true,"href":"https:\/\/www.emporioamazonervas.com.br\/index.php\/wp-json\/wp\/v2\/product_cat?post=1627"},{"taxonomy":"product_tag","embeddable":true,"href":"https:\/\/www.emporioamazonervas.com.br\/index.php\/wp-json\/wp\/v2\/product_tag?post=1627"}],"curies":[{"name":"wp","href":"https:\/\/api.w.org\/{rel}","templated":true}]}}