{"id":1615,"date":"2018-01-09T18:59:50","date_gmt":"2018-01-09T20:59:50","guid":{"rendered":"http:\/\/emporioamazonervas.com.br\/?post_type=product&#038;p=1615"},"modified":"2022-01-21T11:07:26","modified_gmt":"2022-01-21T14:07:26","slug":"iso-blend-complex-907g","status":"publish","type":"product","link":"https:\/\/www.emporioamazonervas.com.br\/index.php\/produto\/iso-blend-complex-907g\/","title":{"rendered":"Iso Blend Complex Baunilha &#8211; 907g"},"content":{"rendered":"<div class=\"product-img-column grid12-4\">\n<div class=\"img-box img-box-style1\">\n<div class=\"more-images slider-arrows3 itemslider-thumbnails count-2\">\n<div id=\"itemslider-zoom\" class=\"thumbnails slides owl-carousel owl-theme\">\n<div class=\"owl-wrapper-outer\">\n<div class=\"owl-wrapper\">\n<div class=\"owl-item\">\n<p class=\"item\"><span style=\"font-size: 1rem\">Iso Blend Powder Integralm\u00e9dica\u00a0<\/span><span style=\"font-size: 1rem\">combina WPI (whey protein isolate) a outras matrizes proteicas do soro de leite: WPH (whey protein hydrolyzed) e WPC (whey protein concentrate), promovendo uma rica oferta de amino\u00e1cidos essenciais, inclusive BCAA.<\/span><\/p>\n<\/div>\n<\/div>\n<\/div>\n<\/div>\n<\/div>\n<\/div>\n<\/div>\n<div class=\"box-additional grid12-9\">\n<div class=\"box-collateral collateral-container\">\n<div class=\"collateral-block collateral-block--product_description_wrapper\">\n<div class=\"std\">\n<p>A formula\u00e7\u00e3o de ISO BLEND oferece um balan\u00e7o adequado entre prote\u00ednas e carboidratos com baixo teor de gordura e zero gl\u00faten, tornando-a ideal para o p\u00f3s-treino. Um suplemento de excelente custo-benef\u00edcio, que prima pela qualidade de seus ingredientes e tamb\u00e9m pelo sabor. Nutri\u00e7\u00e3o e treino adequados est\u00e3o na base da evolu\u00e7\u00e3o f\u00edsica de atletas e esportistas.<\/p>\n<p>Com tr\u00eas d\u00e9cadas de tradi\u00e7\u00e3o, a Integralm\u00e9dica traduz a ci\u00eancia da nutri\u00e7\u00e3o esportiva em uma vasta linha de suplementos adequados a diferentes objetivos de desempenho, est\u00e9tica e sa\u00fade. Integralm\u00e9dica \u00e9 inova\u00e7\u00e3o, qualidade e tecnologia ao alcance de atletas e praticantes de atividades f\u00edsicas de todos os n\u00edveis.<\/p>\n<p>Iso Blend Powder Integralm\u00e9dica\u00a0BENEF\u00cdCIOS:<\/p>\n<p>ISO BLEND POWDER HIGH PERFORMANCE<\/p>\n<p>WHEY PROTEIN BLEND.<\/p>\n<p>SOY FREE.<\/p>\n<p>24 GRAMS WHEY PROTEIN.<\/p>\n<p>0% GLUTEN.<\/p>\n<p>GANHO DE FOR\u00c7A E MASSA MUSCULAR<\/p>\n<p>BAIXO S\u00d3DIO.<\/p>\n<p>WHEY PROTEIN DE ALTO DESEMPENHO.<\/p>\n<p>GANHO DE MASSA MUSCULAR.<\/p>\n<\/div>\n<\/div>\n<\/div>\n<\/div>\n","protected":false},"excerpt":{"rendered":"<p>A formula\u00e7\u00e3o de ISO BLEND oferece um balan\u00e7o adequado entre prote\u00ednas e carboidratos com baixo teor de gordura e zero gl\u00faten, tornando-a ideal para o p\u00f3s-treino.<\/p>\n","protected":false},"featured_media":0,"comment_status":"open","ping_status":"closed","template":"","meta":[],"product_cat":[131,39],"product_tag":[435,292,440,42,433,84,178],"_links":{"self":[{"href":"https:\/\/www.emporioamazonervas.com.br\/index.php\/wp-json\/wp\/v2\/product\/1615"}],"collection":[{"href":"https:\/\/www.emporioamazonervas.com.br\/index.php\/wp-json\/wp\/v2\/product"}],"about":[{"href":"https:\/\/www.emporioamazonervas.com.br\/index.php\/wp-json\/wp\/v2\/types\/product"}],"replies":[{"embeddable":true,"href":"https:\/\/www.emporioamazonervas.com.br\/index.php\/wp-json\/wp\/v2\/comments?post=1615"}],"wp:attachment":[{"href":"https:\/\/www.emporioamazonervas.com.br\/index.php\/wp-json\/wp\/v2\/media?parent=1615"}],"wp:term":[{"taxonomy":"product_cat","embeddable":true,"href":"https:\/\/www.emporioamazonervas.com.br\/index.php\/wp-json\/wp\/v2\/product_cat?post=1615"},{"taxonomy":"product_tag","embeddable":true,"href":"https:\/\/www.emporioamazonervas.com.br\/index.php\/wp-json\/wp\/v2\/product_tag?post=1615"}],"curies":[{"name":"wp","href":"https:\/\/api.w.org\/{rel}","templated":true}]}}