{"id":1614,"date":"2018-01-09T14:55:02","date_gmt":"2018-01-09T16:55:02","guid":{"rendered":"http:\/\/emporioamazonervas.com.br\/?post_type=product&#038;p=1614"},"modified":"2023-02-18T21:08:09","modified_gmt":"2023-02-19T00:08:09","slug":"whey-100-sabor-morango-907g","status":"publish","type":"product","link":"https:\/\/www.emporioamazonervas.com.br\/index.php\/produto\/whey-100-sabor-morango-907g\/","title":{"rendered":"Whey 100% Sabor Chocolate Pote 907g &#8211; Integralm\u00e9dica"},"content":{"rendered":"<p><strong>SUPER WHEY 100%<\/strong>\u00a0da IntegralM\u00e9dica \u00e9 um suplemento alimentar composto por Whey Protein Concentrado (WPC).<\/p>\n<p>O WPC \u00e9 obtido atrav\u00e9s de um processo de microfiltra\u00e7\u00e3o, o que resulta na obten\u00e7\u00e3o de mais 80% de uma prote\u00edna de alto valor biol\u00f3gico, o que faz dele uma excelente escolha para o seu p\u00f3s-treino.<\/p>\n<p>Seu consumo \u00e9 parte essencial se voc\u00ea visa n\u00e3o s\u00f3 o ganho, como tamb\u00e9m a manuten\u00e7\u00e3o e recupera\u00e7\u00e3o muscular.<\/p>\n<p>O SUPER WHEY 100% \u00e9 o aliado perfeito para sua dieta, que vai garantir que voc\u00ea tenha o apoio proteico que seu corpo precisa para crescer de maneira cont\u00ednua e melhorar seu desempenho nos treinos.<\/p>\n<p>&#8211; Aumenta a massa muscular<\/p>\n<p>&#8211; Acelera a recupera\u00e7\u00e3o p\u00f3s-treino<\/p>\n<p>&#8211; Fortalece o sistema imunol\u00f3gico<\/p>\n<div>&#8211; Fornece mais energia<\/div>\n<div><\/div>\n<div>&#8211; Auxilia na manuten\u00e7\u00e3o do peso.<\/div>\n","protected":false},"excerpt":{"rendered":"<p><strong>SUPER WHEY 100%<\/strong>\u00a0da IntegralM\u00e9dica \u00e9 um suplemento alimentar composto por Whey Protein Concentrado (WPC).<\/p>\n","protected":false},"featured_media":2778,"comment_status":"open","ping_status":"closed","template":"","meta":[],"product_cat":[131,294,497],"product_tag":[292,488,42,371,84,178,430],"_links":{"self":[{"href":"https:\/\/www.emporioamazonervas.com.br\/index.php\/wp-json\/wp\/v2\/product\/1614"}],"collection":[{"href":"https:\/\/www.emporioamazonervas.com.br\/index.php\/wp-json\/wp\/v2\/product"}],"about":[{"href":"https:\/\/www.emporioamazonervas.com.br\/index.php\/wp-json\/wp\/v2\/types\/product"}],"replies":[{"embeddable":true,"href":"https:\/\/www.emporioamazonervas.com.br\/index.php\/wp-json\/wp\/v2\/comments?post=1614"}],"wp:featuredmedia":[{"embeddable":true,"href":"https:\/\/www.emporioamazonervas.com.br\/index.php\/wp-json\/wp\/v2\/media\/2778"}],"wp:attachment":[{"href":"https:\/\/www.emporioamazonervas.com.br\/index.php\/wp-json\/wp\/v2\/media?parent=1614"}],"wp:term":[{"taxonomy":"product_cat","embeddable":true,"href":"https:\/\/www.emporioamazonervas.com.br\/index.php\/wp-json\/wp\/v2\/product_cat?post=1614"},{"taxonomy":"product_tag","embeddable":true,"href":"https:\/\/www.emporioamazonervas.com.br\/index.php\/wp-json\/wp\/v2\/product_tag?post=1614"}],"curies":[{"name":"wp","href":"https:\/\/api.w.org\/{rel}","templated":true}]}}