{"id":1607,"date":"2018-01-05T14:32:15","date_gmt":"2018-01-05T16:32:15","guid":{"rendered":"http:\/\/emporioamazonervas.com.br\/?post_type=product&#038;p=1607"},"modified":"2022-11-18T16:15:22","modified_gmt":"2022-11-18T19:15:22","slug":"bio-energy-guaranaacai-e-banana-100-capsulas-500mg","status":"publish","type":"product","link":"https:\/\/www.emporioamazonervas.com.br\/index.php\/produto\/bio-energy-guaranaacai-e-banana-100-capsulas-500mg\/","title":{"rendered":"Bio Energy Guaran\u00e1\/A\u00e7ai e Banana 100 caps 500mg &#8211; ClinicMais"},"content":{"rendered":"<p style=\"text-align: justify\">Bio Energy da Ch\u00e1 Mais\u00a0\u00e9 um composto natural de tr\u00eas elementos que promovem mais energia, disposi\u00e7\u00e3o e estimulo para atividades f\u00edsicas di\u00e1rias: a\u00e7a\u00ed, guaran\u00e1 e banana. Bio Energy estimula o metabolismo revigorando e proporcionando mais \u00e2nimo, al\u00e9m de diminuir o colesterol ruim do organismo diminuindo riscos de doen\u00e7as card\u00edacas.<\/p>\n<p style=\"text-align: justify\"><strong>BENEF\u00cdCIOS DO BIO ENERGY<\/strong><\/p>\n<ul style=\"text-align: justify\">\n<li>Age como um energ\u00e9tico e proporciona mais disposi\u00e7\u00e3o.<\/li>\n<li>Reduz o colesterol ruim.<\/li>\n<li>Combate os sintomas do estresse<\/li>\n<li>Age como um termog\u00eanico natural que promove a perda de peso<\/li>\n<li style=\"text-align: justify\">Reduz a fadiga durante exerc\u00edcios.<\/li>\n<\/ul>\n<p style=\"text-align: justify\"><strong>A\u00c7A\u00cd<\/strong><\/p>\n<p style=\"text-align: justify\">As propriedades energizantes e antioxidantes do a\u00e7a\u00ed o tornaram um alimento natural muito popular em v\u00e1rias partes do Brasil e do mundo. O a\u00e7a\u00ed foi primeiramente usado por tribos da Amaz\u00f4nia para diversos fins medicinais, dentre elas por possuir a capacidade de fortalecer o sistema imunol\u00f3gico, combater infec\u00e7\u00f5es, fortalecer e proteger o cora\u00e7\u00e3o de doen\u00e7as card\u00edacas, e at\u00e9 mesmo como um rem\u00e9dio natural para impot\u00eancia sexual.<\/p>\n<p style=\"text-align: justify\"><strong>BANANA<\/strong><\/p>\n<p style=\"text-align: justify\">A banana \u00e9 rica em pot\u00e1ssio e vitaminas do complexo B que s\u00e3o essenciais para a produ\u00e7\u00e3o de horm\u00f4nios sexuais. Fornece energia instant\u00e2nea e tamb\u00e9m \u00e9 rica em fibras diet\u00e9ticas, vitaminas e minerais, incluindo a vitamina A e vitamina C, al\u00e9m de conter uma pequena quantidade de gordura e de prote\u00edna.<\/p>\n<p style=\"text-align: justify\"><strong>GUARAN\u00c1<\/strong><\/p>\n<p style=\"text-align: justify\">O guaran\u00e1 aumenta a circula\u00e7\u00e3o sangu\u00ednea, estimula o sistema nervoso, reduz a sensa\u00e7\u00e3o de fadiga, al\u00e9m de ser um bom afrodis\u00edaco quando atua em sinergia com outros estimulantes sexuais.<\/p>\n","protected":false},"excerpt":{"rendered":"<p>Bio Energy da Ch\u00e1 Mais\u00a0\u00e9 um composto natural de tr\u00eas elementos que promovem mais energia, disposi\u00e7\u00e3o e estimulo para atividades f\u00edsicas di\u00e1rias.<\/p>\n","protected":false},"featured_media":2517,"comment_status":"open","ping_status":"closed","template":"","meta":[],"product_cat":[173],"product_tag":[122,414,222,402,135,55],"_links":{"self":[{"href":"https:\/\/www.emporioamazonervas.com.br\/index.php\/wp-json\/wp\/v2\/product\/1607"}],"collection":[{"href":"https:\/\/www.emporioamazonervas.com.br\/index.php\/wp-json\/wp\/v2\/product"}],"about":[{"href":"https:\/\/www.emporioamazonervas.com.br\/index.php\/wp-json\/wp\/v2\/types\/product"}],"replies":[{"embeddable":true,"href":"https:\/\/www.emporioamazonervas.com.br\/index.php\/wp-json\/wp\/v2\/comments?post=1607"}],"wp:featuredmedia":[{"embeddable":true,"href":"https:\/\/www.emporioamazonervas.com.br\/index.php\/wp-json\/wp\/v2\/media\/2517"}],"wp:attachment":[{"href":"https:\/\/www.emporioamazonervas.com.br\/index.php\/wp-json\/wp\/v2\/media?parent=1607"}],"wp:term":[{"taxonomy":"product_cat","embeddable":true,"href":"https:\/\/www.emporioamazonervas.com.br\/index.php\/wp-json\/wp\/v2\/product_cat?post=1607"},{"taxonomy":"product_tag","embeddable":true,"href":"https:\/\/www.emporioamazonervas.com.br\/index.php\/wp-json\/wp\/v2\/product_tag?post=1607"}],"curies":[{"name":"wp","href":"https:\/\/api.w.org\/{rel}","templated":true}]}}