{"id":1601,"date":"2017-12-27T19:58:14","date_gmt":"2017-12-27T21:58:14","guid":{"rendered":"http:\/\/emporioamazonervas.com.br\/?post_type=product&#038;p=1601"},"modified":"2022-11-22T18:00:19","modified_gmt":"2022-11-22T21:00:19","slug":"pasta-de-amendoim-pe-de-moleque-500g","status":"publish","type":"product","link":"https:\/\/www.emporioamazonervas.com.br\/index.php\/produto\/pasta-de-amendoim-pe-de-moleque-500g\/","title":{"rendered":"Pasta de Amendoim Sabor: P\u00e9 de Moleque 500g &#8211; Power1One"},"content":{"rendered":"<p style=\"text-align: justify\">O p\u00e9 de moleque proteico \u00e9 uma deliciosa pasta de amendoim com whey protein, amendoim caramelizado com cacu e xylitol e tamb\u00e9m \u00f3leo de coco. Possui sabor \u00fanico, ingredientes saud\u00e1veis e zero adi\u00e7\u00e3o de a\u00e7\u00facar. N\u00e3o cont\u00e9m gl\u00faten.<\/p>\n<p style=\"text-align: justify\"><span style=\"font-size: 1rem\">Se tem um doce de Festa Junina que faz sucesso o ano todo \u00e9 o p\u00e9 de moleque. O P\u00e9 de Moleque Proteico, foi eito para quem n\u00e3o resiste a um docinho, mas precisa controlar o a\u00e7\u00facar. Delicioso, funcional e com ingredientes de alta qualidade.<\/span><\/p>\n<div style=\"text-align: justify\">Ingredientes: Pasta de amendoim, amendoim, edulcorante natural, xylitol, prote\u00edna do soro do leite concentrada (Whey protein) Cacau em p\u00f3, \u00f3leo de coco.<\/div>\n<div style=\"text-align: justify\">Alergicos: Cont\u00e9m amendoim e derivados de leite.<\/div>\n<div><\/div>\n","protected":false},"excerpt":{"rendered":"<p>O p\u00e9 de moleque proteico \u00e9 uma deliciosa pasta de amendoim com whey protein, amendoim caramelizado com cacu e xylitol e tamb\u00e9m \u00f3leo de coco.<\/p>\n","protected":false},"featured_media":2533,"comment_status":"open","ping_status":"closed","template":"","meta":[],"product_cat":[427],"product_tag":[809,432,212,433,810,84],"_links":{"self":[{"href":"https:\/\/www.emporioamazonervas.com.br\/index.php\/wp-json\/wp\/v2\/product\/1601"}],"collection":[{"href":"https:\/\/www.emporioamazonervas.com.br\/index.php\/wp-json\/wp\/v2\/product"}],"about":[{"href":"https:\/\/www.emporioamazonervas.com.br\/index.php\/wp-json\/wp\/v2\/types\/product"}],"replies":[{"embeddable":true,"href":"https:\/\/www.emporioamazonervas.com.br\/index.php\/wp-json\/wp\/v2\/comments?post=1601"}],"wp:featuredmedia":[{"embeddable":true,"href":"https:\/\/www.emporioamazonervas.com.br\/index.php\/wp-json\/wp\/v2\/media\/2533"}],"wp:attachment":[{"href":"https:\/\/www.emporioamazonervas.com.br\/index.php\/wp-json\/wp\/v2\/media?parent=1601"}],"wp:term":[{"taxonomy":"product_cat","embeddable":true,"href":"https:\/\/www.emporioamazonervas.com.br\/index.php\/wp-json\/wp\/v2\/product_cat?post=1601"},{"taxonomy":"product_tag","embeddable":true,"href":"https:\/\/www.emporioamazonervas.com.br\/index.php\/wp-json\/wp\/v2\/product_tag?post=1601"}],"curies":[{"name":"wp","href":"https:\/\/api.w.org\/{rel}","templated":true}]}}