{"id":1567,"date":"2017-12-13T19:47:43","date_gmt":"2017-12-13T21:47:43","guid":{"rendered":"http:\/\/emporioamazonervas.com.br\/?post_type=product&#038;p=1567"},"modified":"2022-11-16T16:11:40","modified_gmt":"2022-11-16T19:11:40","slug":"shake-morangoblueberry-lata-450g","status":"publish","type":"product","link":"https:\/\/www.emporioamazonervas.com.br\/index.php\/produto\/shake-morangoblueberry-lata-450g\/","title":{"rendered":"Shake Protein Sabor: Morango\/Blueberry Lata 450g &#8211; Sanavita"},"content":{"rendered":"<p style=\"text-align: justify\">O\u00a0<strong>Shake de Morango e Blueberry da Sanavita\u00a0<\/strong>\u00e9 um alimento balanceado para redu\u00e7\u00e3o de peso formulado com o exclusivo mix de espessastes compostos por fibras como polidextrose, capazes de diminuir a fome e prolongar a sensa\u00e7\u00e3o de saciedade. O\u00a0<strong>Shake\u00a0<\/strong>\u00e9 enriquecido com prote\u00edna, carboidratos e lip\u00eddeos, al\u00e9m de 23 vitaminas e minerais na quantidade ideal para substituir a refei\u00e7\u00e3o de maneira completa e com poucas calorias comparado a uma refei\u00e7\u00e3o convencional, o shake pronto para consumo, oferece 221kcal em 300ml de leite de soja. Possui um sabor agrad\u00e1vel, \u00e9 pr\u00e1tico, e pode ser preparado em qualquer local e hora.<\/p>\n<ul style=\"margin-bottom: 1.71429rem;line-height: 1.71429;text-align: justify\" type=\"disc\">\n<li style=\"margin-left: 1.71429rem\">Sem gl\u00faten<\/li>\n<li style=\"margin-left: 1.71429rem\">23 vitaminas e minerais<\/li>\n<li style=\"margin-left: 1.71429rem\">Fonte de prote\u00ednas<\/li>\n<li style=\"margin-left: 1.71429rem\">Sem a\u00e7\u00facar<\/li>\n<li style=\"margin-left: 1.71429rem\">Sem corante<\/li>\n<\/ul>\n<p style=\"text-align: justify\">Substitui at\u00e9 2 refei\u00e7\u00f5es por dia (ao consumir este produto, aumentar o consumo di\u00e1rio de \u00e1gua) diminuindo a fome e prolongando a sensa\u00e7\u00e3o de saciedade.<\/p>\n<p style=\"text-align: justify\">Para substituir 1 refei\u00e7\u00e3o, acrescente 30 g (1 medida) de Shake a 300 ml de leite de sua prefer\u00eancia. Em seguida, bata no liquidificador ou coqueteleira por cerca de 10 segundos. Utilize leite gelado ou acrescente gelo.<\/p>\n<h2 style=\"text-align: justify\"><\/h2>\n","protected":false},"excerpt":{"rendered":"<p>O\u00a0<strong>Shake de Morango e Blueberry da Sanavita\u00a0<\/strong>\u00e9 um alimento balanceado para redu\u00e7\u00e3o de peso.<\/p>\n","protected":false},"featured_media":2492,"comment_status":"open","ping_status":"closed","template":"","meta":[],"product_cat":[131],"product_tag":[410,415,310,121,489,77,84,55],"_links":{"self":[{"href":"https:\/\/www.emporioamazonervas.com.br\/index.php\/wp-json\/wp\/v2\/product\/1567"}],"collection":[{"href":"https:\/\/www.emporioamazonervas.com.br\/index.php\/wp-json\/wp\/v2\/product"}],"about":[{"href":"https:\/\/www.emporioamazonervas.com.br\/index.php\/wp-json\/wp\/v2\/types\/product"}],"replies":[{"embeddable":true,"href":"https:\/\/www.emporioamazonervas.com.br\/index.php\/wp-json\/wp\/v2\/comments?post=1567"}],"wp:featuredmedia":[{"embeddable":true,"href":"https:\/\/www.emporioamazonervas.com.br\/index.php\/wp-json\/wp\/v2\/media\/2492"}],"wp:attachment":[{"href":"https:\/\/www.emporioamazonervas.com.br\/index.php\/wp-json\/wp\/v2\/media?parent=1567"}],"wp:term":[{"taxonomy":"product_cat","embeddable":true,"href":"https:\/\/www.emporioamazonervas.com.br\/index.php\/wp-json\/wp\/v2\/product_cat?post=1567"},{"taxonomy":"product_tag","embeddable":true,"href":"https:\/\/www.emporioamazonervas.com.br\/index.php\/wp-json\/wp\/v2\/product_tag?post=1567"}],"curies":[{"name":"wp","href":"https:\/\/api.w.org\/{rel}","templated":true}]}}