{"id":1546,"date":"2017-12-07T20:07:25","date_gmt":"2017-12-07T22:07:25","guid":{"rendered":"http:\/\/emporioamazonervas.com.br\/?post_type=product&#038;p=1546"},"modified":"2023-02-06T12:38:14","modified_gmt":"2023-02-06T15:38:14","slug":"suplemento-de-cafeina-60-capsulas-500mg","status":"publish","type":"product","link":"https:\/\/www.emporioamazonervas.com.br\/index.php\/produto\/suplemento-de-cafeina-60-capsulas-500mg\/","title":{"rendered":"Cafe\u00edna V7 Energy 60 caps 500mg &#8211; Videira 7"},"content":{"rendered":"<p style=\"text-align: justify\">A cafe\u00edna \u00e9 um composto qu\u00edmico classificado como alcal\u00f3ide (subst\u00e2ncia de car\u00e1ter\u00a0b\u00e1sico derivado de plantas), possui mecanismos que podem desencadear importantes altera\u00e7\u00f5es metab\u00f3licas e\u00a0fisiol\u00f3gicas, resultando na melhoria do desempenho atl\u00e9tico. Sendo um ativo estimulante que induz o organismo a\u00a0produzir mais energia, atrav\u00e9s da a\u00e7\u00e3o lipol\u00edtica o que favorece maior oxida\u00e7\u00e3o de gorduras e redu\u00e7\u00e3o da utiliza\u00e7\u00e3o\u00a0de glicog\u00eanio muscular. Possui outras propriedades como est\u00edmulante do sistema nervoso central, aumentando o<br \/>\nestado de alerta, estimulando a circula\u00e7\u00e3o sangu\u00ednea e a contra\u00e7\u00e3o muscular, melhorando o desempenho em\u00a0exerc\u00edcios de alta intensidade e curta dura\u00e7\u00e3o.<br \/>\nA Cafe\u00edna \u00e9 uma subst\u00e2ncia capaz de acelerar o metabolismo e estimular a quebra da gordura corporal, devido suas\u00a0propriedades termog\u00eanicas, sendo indicado para quem busca redu\u00e7\u00e3o de peso e medidas, possui tamb\u00e9m efeitos\u00a0terap\u00eauticos importantes como dilata\u00e7\u00e3o dos br\u00f4nquios, estimula\u00e7\u00e3o do cora\u00e7\u00e3o e aumento da excre\u00e7\u00e3o urin\u00e1ria.<\/p>\n","protected":false},"excerpt":{"rendered":"<p>A Cafe\u00edna \u00e9 uma subst\u00e2ncia capaz de acelerar o metabolismo e estimular a quebra da gordura corporal,<\/p>\n","protected":false},"featured_media":2830,"comment_status":"open","ping_status":"closed","template":"","meta":[],"product_cat":[173],"product_tag":[179,402,84,55,261],"_links":{"self":[{"href":"https:\/\/www.emporioamazonervas.com.br\/index.php\/wp-json\/wp\/v2\/product\/1546"}],"collection":[{"href":"https:\/\/www.emporioamazonervas.com.br\/index.php\/wp-json\/wp\/v2\/product"}],"about":[{"href":"https:\/\/www.emporioamazonervas.com.br\/index.php\/wp-json\/wp\/v2\/types\/product"}],"replies":[{"embeddable":true,"href":"https:\/\/www.emporioamazonervas.com.br\/index.php\/wp-json\/wp\/v2\/comments?post=1546"}],"wp:featuredmedia":[{"embeddable":true,"href":"https:\/\/www.emporioamazonervas.com.br\/index.php\/wp-json\/wp\/v2\/media\/2830"}],"wp:attachment":[{"href":"https:\/\/www.emporioamazonervas.com.br\/index.php\/wp-json\/wp\/v2\/media?parent=1546"}],"wp:term":[{"taxonomy":"product_cat","embeddable":true,"href":"https:\/\/www.emporioamazonervas.com.br\/index.php\/wp-json\/wp\/v2\/product_cat?post=1546"},{"taxonomy":"product_tag","embeddable":true,"href":"https:\/\/www.emporioamazonervas.com.br\/index.php\/wp-json\/wp\/v2\/product_tag?post=1546"}],"curies":[{"name":"wp","href":"https:\/\/api.w.org\/{rel}","templated":true}]}}