{"id":1521,"date":"2017-12-05T14:05:00","date_gmt":"2017-12-05T16:05:00","guid":{"rendered":"http:\/\/emporioamazonervas.com.br\/?post_type=product&#038;p=1521"},"modified":"2022-11-03T15:41:50","modified_gmt":"2022-11-03T18:41:50","slug":"cha-de-hibiscus-soluvel-200g","status":"publish","type":"product","link":"https:\/\/www.emporioamazonervas.com.br\/index.php\/produto\/cha-de-hibiscus-soluvel-200g\/","title":{"rendered":"Ch\u00e1 de Hibiscus Sol\u00favel &#8211; 200g"},"content":{"rendered":"<p style=\"text-align: justify\">O instant\u00e2neo de hibisco \u00e9 definido como planta medicinal, possuindo propriedades antiespasm\u00f3dicas, diur\u00e9ticas, digestivas, tamb\u00e9m utilizado como laxante suave, corante, aromatizante e calmante. Atualmente, a planta vem sendo utilizada como coadjuvante no tratamento da obesidade.<\/p>\n<p style=\"text-align: justify\"><strong>BENEF\u00cdCIOS:<\/strong><br \/>\nAge como antioxidante,reduz as taxas de lip\u00eddeos e glicose no sangue, ajuda a normalizar a press\u00e3o arterial e \u00e9 diur\u00e9tico, ajuda nas constipa\u00e7\u00f5es intestinais, retarda o envelhecimento da pele, diminui a forma\u00e7\u00e3o de colesterol e ajuda a emagrecer.<br \/>\nO Hibisco promove o aceleramento do metabolismo, auxiliando na queima de gordura corp\u00f3rea.<br \/>\nPara a efic\u00e1cia no tratamento da redu\u00e7\u00e3o de peso, \u00e9 fundamental completar com mudan\u00e7as na alimenta\u00e7\u00e3o e praticar exerc\u00edcios regularmente.<br \/>\nAl\u00e9m disso, a bebida \u00e9 muito rica em flavon\u00f3ides, uma poderosa subst\u00e2ncia antioxidante, que combate os radicais livres, protegendo o cora\u00e7\u00e3o de doen\u00e7as e a pele do envelhecimento.<\/p>\n<p style=\"text-align: justify\"><strong>Modo de preparo:<\/strong>\u00a0Adicione 10g (1 colher de sopa) em 200ml de \u00e1gua e mexa at\u00e9 completa dissolu\u00e7\u00e3o. Se preferir bata no liquidificador .<br \/>\nSugest\u00e3o de Uso: 2 vezes ao dia.<\/p>\n","protected":false},"excerpt":{"rendered":"<p>O instant\u00e2neo de hibisco \u00e9 definido como planta medicinal, possuindo propriedades antiespasm\u00f3dicas, diur\u00e9ticas, digestivas, tamb\u00e9m<a class=\"read-more\" href=\"https:\/\/www.emporioamazonervas.com.br\/index.php\/produto\/cha-de-hibiscus-soluvel-200g\/\">&#8230;<\/a><\/p>\n","protected":false},"featured_media":2403,"comment_status":"open","ping_status":"closed","template":"","meta":[],"product_cat":[131],"product_tag":[390,301,142,84,261,113,115],"_links":{"self":[{"href":"https:\/\/www.emporioamazonervas.com.br\/index.php\/wp-json\/wp\/v2\/product\/1521"}],"collection":[{"href":"https:\/\/www.emporioamazonervas.com.br\/index.php\/wp-json\/wp\/v2\/product"}],"about":[{"href":"https:\/\/www.emporioamazonervas.com.br\/index.php\/wp-json\/wp\/v2\/types\/product"}],"replies":[{"embeddable":true,"href":"https:\/\/www.emporioamazonervas.com.br\/index.php\/wp-json\/wp\/v2\/comments?post=1521"}],"wp:featuredmedia":[{"embeddable":true,"href":"https:\/\/www.emporioamazonervas.com.br\/index.php\/wp-json\/wp\/v2\/media\/2403"}],"wp:attachment":[{"href":"https:\/\/www.emporioamazonervas.com.br\/index.php\/wp-json\/wp\/v2\/media?parent=1521"}],"wp:term":[{"taxonomy":"product_cat","embeddable":true,"href":"https:\/\/www.emporioamazonervas.com.br\/index.php\/wp-json\/wp\/v2\/product_cat?post=1521"},{"taxonomy":"product_tag","embeddable":true,"href":"https:\/\/www.emporioamazonervas.com.br\/index.php\/wp-json\/wp\/v2\/product_tag?post=1521"}],"curies":[{"name":"wp","href":"https:\/\/api.w.org\/{rel}","templated":true}]}}