{"id":1512,"date":"2017-12-05T13:34:43","date_gmt":"2017-12-05T15:34:43","guid":{"rendered":"http:\/\/emporioamazonervas.com.br\/?post_type=product&#038;p=1512"},"modified":"2022-01-21T12:12:46","modified_gmt":"2022-01-21T15:12:46","slug":"instantaneo-de-chia-com-cha-verde-200g","status":"publish","type":"product","link":"https:\/\/www.emporioamazonervas.com.br\/index.php\/produto\/instantaneo-de-chia-com-cha-verde-200g\/","title":{"rendered":"Instant\u00e2neo de Chia com Ch\u00e1 Verde &#8211; 200g"},"content":{"rendered":"<p>P\u00f3 para o preparo de bebida a base de semente de chia com ch\u00e1 verde sabor frutas negras.<br \/>\nFonte de \u00f4mega-3 e 6, antioxidante, fonte de vitaminas, minerais e fibras. Auxiliar na redu\u00e7\u00e3o de peso. A Chia \u00e9 considerada um dos alimentos mais poderosos, funcionais e nutricionais do mundo.<br \/>\n\u2013 Ajuda a dar sensa\u00e7\u00e3o de saciedade<br \/>\n\u2013 Desintoxica o organismo.<br \/>\n\u2013 Possi altos n\u00edveis de \u00f4mega 3 e 6.<br \/>\n\u2013 A\u00e7\u00e3o antioxidante<br \/>\n\u2013 Rica em vitaminas, minerais e fibras.<br \/>\n\u2013 Auxilia na redu\u00e7\u00e3o do colesterol<br \/>\n\u2013 Ajuda a melhorar a imunidade do organismo<\/p>\n<p><strong>Sugest\u00e3o de Consumo:<\/strong><br \/>\nAdicione 1 colher de ch\u00e1, 5 grama, em um copo com 200ml de \u00e1gua ou suco. Bata no liquidificador ou misture manualmente at\u00e9 ficar homog\u00eaneo. Voc\u00ea pode acrescentar gelo ou fruta se preferir. Consuma ap\u00f3s o preparo. Antes de usar, agite a embalagem.<\/p>\n","protected":false},"excerpt":{"rendered":"<p>P\u00f3 para o preparo de bebida a base de semente de chia com ch\u00e1 verde sabor frutas negras.<\/p>\n","protected":false},"featured_media":1519,"comment_status":"open","ping_status":"closed","template":"","meta":[],"product_cat":[131],"product_tag":[229,72,388,84,261],"_links":{"self":[{"href":"https:\/\/www.emporioamazonervas.com.br\/index.php\/wp-json\/wp\/v2\/product\/1512"}],"collection":[{"href":"https:\/\/www.emporioamazonervas.com.br\/index.php\/wp-json\/wp\/v2\/product"}],"about":[{"href":"https:\/\/www.emporioamazonervas.com.br\/index.php\/wp-json\/wp\/v2\/types\/product"}],"replies":[{"embeddable":true,"href":"https:\/\/www.emporioamazonervas.com.br\/index.php\/wp-json\/wp\/v2\/comments?post=1512"}],"wp:featuredmedia":[{"embeddable":true,"href":"https:\/\/www.emporioamazonervas.com.br\/index.php\/wp-json\/wp\/v2\/media\/1519"}],"wp:attachment":[{"href":"https:\/\/www.emporioamazonervas.com.br\/index.php\/wp-json\/wp\/v2\/media?parent=1512"}],"wp:term":[{"taxonomy":"product_cat","embeddable":true,"href":"https:\/\/www.emporioamazonervas.com.br\/index.php\/wp-json\/wp\/v2\/product_cat?post=1512"},{"taxonomy":"product_tag","embeddable":true,"href":"https:\/\/www.emporioamazonervas.com.br\/index.php\/wp-json\/wp\/v2\/product_tag?post=1512"}],"curies":[{"name":"wp","href":"https:\/\/api.w.org\/{rel}","templated":true}]}}