{"id":1468,"date":"2017-11-30T20:38:24","date_gmt":"2017-11-30T22:38:24","guid":{"rendered":"http:\/\/emporioamazonervas.com.br\/?post_type=product&#038;p=1468"},"modified":"2022-01-26T18:05:11","modified_gmt":"2022-01-26T21:05:11","slug":"nutricaps-testo-60-capsulas","status":"publish","type":"product","link":"https:\/\/www.emporioamazonervas.com.br\/index.php\/produto\/nutricaps-testo-60-capsulas\/","title":{"rendered":"Nutricaps Homen &#8211; 60 C\u00e1psulas 1,680 MG"},"content":{"rendered":"<p>F\u00f3rmula desenvolvida para atender as necessidades do organismo masculino, elaborando \u00e0 base de f\u00f3sforo, magn\u00e9sio, zinco e vitaminas do complexo B que participam<span class=\"text_exposed_show\">\u00a0ativamente no est\u00edmulo da produ\u00e7\u00e3o de horm\u00f4nios como a testosterona, al\u00e9m de promover maior ganho de massa magra, vigor e desempenho f\u00edsico. Sem gl\u00faten e sem lactose.<\/span><\/p>\n<p>O Nutricaps Homen \u00e9 um suplemento mineral e vitam\u00ednico desenvolvido especialmente para Homens, composto de Boro, Magn\u00e9sio, Zinco, Vitaminas B e E. Sua f\u00f3rmula proporciona mais disposi\u00e7\u00e3o, contando ainda com a combina\u00e7\u00e3o de Magn\u00e9sio, Zinco e vitamina B6 em concentra\u00e7\u00f5es ideais que atuam como agentes anticatab\u00f3lico (prote\u00e7\u00e3o da perca de massa magra). O Boro \u00e9 um mineral de extrema import\u00e2ncia, pois est\u00e1 diretamente relacionado com a s\u00edntese end\u00f3gena de testosterona, al\u00e9m de influenciar no metabolismo do c\u00e1lcio, f\u00f3sforo, magn\u00e9sio e vitamina D no organismo.<\/p>\n<p><strong>Sugest\u00e3o de uso:\u00a0<\/strong>Ingerir 2 c\u00e1psulas ao dia, preferencialmente \u00e0 noite.<\/p>\n","protected":false},"excerpt":{"rendered":"<p>F\u00f3rmula desenvolvida para atender as necessidades do organismo masculino,<\/p>\n","protected":false},"featured_media":0,"comment_status":"open","ping_status":"closed","template":"","meta":[],"product_cat":[173],"product_tag":[369,175,307,84,86,55,352,141,140,114,115],"_links":{"self":[{"href":"https:\/\/www.emporioamazonervas.com.br\/index.php\/wp-json\/wp\/v2\/product\/1468"}],"collection":[{"href":"https:\/\/www.emporioamazonervas.com.br\/index.php\/wp-json\/wp\/v2\/product"}],"about":[{"href":"https:\/\/www.emporioamazonervas.com.br\/index.php\/wp-json\/wp\/v2\/types\/product"}],"replies":[{"embeddable":true,"href":"https:\/\/www.emporioamazonervas.com.br\/index.php\/wp-json\/wp\/v2\/comments?post=1468"}],"wp:attachment":[{"href":"https:\/\/www.emporioamazonervas.com.br\/index.php\/wp-json\/wp\/v2\/media?parent=1468"}],"wp:term":[{"taxonomy":"product_cat","embeddable":true,"href":"https:\/\/www.emporioamazonervas.com.br\/index.php\/wp-json\/wp\/v2\/product_cat?post=1468"},{"taxonomy":"product_tag","embeddable":true,"href":"https:\/\/www.emporioamazonervas.com.br\/index.php\/wp-json\/wp\/v2\/product_tag?post=1468"}],"curies":[{"name":"wp","href":"https:\/\/api.w.org\/{rel}","templated":true}]}}