{"id":1466,"date":"2017-11-30T19:13:31","date_gmt":"2017-11-30T21:13:31","guid":{"rendered":"http:\/\/emporioamazonervas.com.br\/?post_type=product&#038;p=1466"},"modified":"2022-01-26T18:05:27","modified_gmt":"2022-01-26T21:05:27","slug":"silouet-thermo-90-capsulas","status":"publish","type":"product","link":"https:\/\/www.emporioamazonervas.com.br\/index.php\/produto\/silouet-thermo-90-capsulas\/","title":{"rendered":"Silouet Thermo &#8211; 90 C\u00e1psulas"},"content":{"rendered":"<p style=\"text-align: justify\"><strong>SILOUET THERMO<\/strong>\u00a0tem f\u00f3rmula\u00a0<span style=\"font-size: 1rem\">de a\u00e7\u00e3o termog\u00eanica \u00e0 base de extratos vegetais, minerais e vitaminas,<\/span><span style=\"font-size: 1rem\">\u00a0pois foi\u00a0estrategicamente desenvolvida\u00a0para acelerar o metabolismo gerando assim maior\u00a0<\/span><span style=\"font-size: 1rem\">queima de gordura<\/span><span style=\"font-size: 1rem\">\u00a0e defini\u00e7\u00e3o muscular. Em sua f\u00f3rmula possui\u00a0<\/span>\u00c1cido F\u00f3lico<span style=\"font-size: 1rem\">\u00a0que estimula a produ\u00e7\u00e3o de serotonina,\u00a0<\/span>Colina<span style=\"font-size: 1rem\">\u00a0para reduzir as gorduras localizadas al\u00e9m de\u00a0<\/span>Ch\u00e1 verde<span style=\"font-size: 1rem\">\u00a0a\u00a0<\/span>guaran\u00e1<span style=\"font-size: 1rem\">que s\u00e3o termog\u00eanicos\u00a0ativadores do metabolismo e lip\u00f3lise.<\/span><\/p>\n<ul>\n<li style=\"text-align: justify\">Acelerador do Metabolismo<\/li>\n<li style=\"text-align: justify\">Ganho Muscular<\/li>\n<li style=\"text-align: justify\">Termog\u00eanico<\/li>\n<\/ul>\n","protected":false},"excerpt":{"rendered":"<p>Silouet Thermo\u00a0\u00a0tem f\u00f3rmula\u00a0de a\u00e7\u00e3o termog\u00eanica \u00e0 base de extratos vegetais.<\/p>\n","protected":false},"featured_media":1467,"comment_status":"open","ping_status":"closed","template":"","meta":[],"product_cat":[173],"product_tag":[229,368,143,135,175,307,84,86,55,141,140],"_links":{"self":[{"href":"https:\/\/www.emporioamazonervas.com.br\/index.php\/wp-json\/wp\/v2\/product\/1466"}],"collection":[{"href":"https:\/\/www.emporioamazonervas.com.br\/index.php\/wp-json\/wp\/v2\/product"}],"about":[{"href":"https:\/\/www.emporioamazonervas.com.br\/index.php\/wp-json\/wp\/v2\/types\/product"}],"replies":[{"embeddable":true,"href":"https:\/\/www.emporioamazonervas.com.br\/index.php\/wp-json\/wp\/v2\/comments?post=1466"}],"wp:featuredmedia":[{"embeddable":true,"href":"https:\/\/www.emporioamazonervas.com.br\/index.php\/wp-json\/wp\/v2\/media\/1467"}],"wp:attachment":[{"href":"https:\/\/www.emporioamazonervas.com.br\/index.php\/wp-json\/wp\/v2\/media?parent=1466"}],"wp:term":[{"taxonomy":"product_cat","embeddable":true,"href":"https:\/\/www.emporioamazonervas.com.br\/index.php\/wp-json\/wp\/v2\/product_cat?post=1466"},{"taxonomy":"product_tag","embeddable":true,"href":"https:\/\/www.emporioamazonervas.com.br\/index.php\/wp-json\/wp\/v2\/product_tag?post=1466"}],"curies":[{"name":"wp","href":"https:\/\/api.w.org\/{rel}","templated":true}]}}