{"id":1456,"date":"2017-11-30T14:52:38","date_gmt":"2017-11-30T16:52:38","guid":{"rendered":"http:\/\/emporioamazonervas.com.br\/?post_type=product&#038;p=1456"},"modified":"2022-09-01T18:05:06","modified_gmt":"2022-09-01T21:05:06","slug":"tribulus-power-120-capsulas-500mg","status":"publish","type":"product","link":"https:\/\/www.emporioamazonervas.com.br\/index.php\/produto\/tribulus-power-120-capsulas-500mg\/","title":{"rendered":"Tribulus Power &#8211; 120 C\u00e1psulas 500mg"},"content":{"rendered":"<p style=\"text-align: justify\">Tribulus Terrestris \u00e9 uma erva daninha que tem mais concentra\u00e7\u00e3o no Mediterr\u00e2neo. Entre os principais aspectos observados no uso do Tribullus Terrestris, podemos citar:<\/p>\n<p style=\"text-align: justify\">\u2013 Tratamento de problemas relacionados \u00e0 sexualidade, como baixa libido, infertilidade, falta de ere\u00e7\u00e3o e etc;<br \/>\n\u2013 Possui efeito hepatoprotetor, ou seja, consegue de alguma maneira proteger o f\u00edgado;<br \/>\n\u2013 Melhora na densidade \u00f3ssea e preven\u00e7\u00e3o da descalcifica\u00e7\u00e3o \u00f3ssea<br \/>\n\u2013 Diminui a frigidez sexual em mulheres, fazendo com que as mesmas possam ter mais vontade de fazer sexo;<br \/>\n\u2013 Aumenta a taxa de testosterona livre em at\u00e9 40%;<br \/>\n\u2013 Aumento da gl\u00e2ndula pituit\u00e1ria em at\u00e9 72%;<br \/>\n\u2013 Melhora no humor, na autoestima e na sensa\u00e7\u00e3o de bem-estar<br \/>\nAumento de for\u00e7a e massa muscular em pessoas que praticavam atividades f\u00edsicas;<br \/>\nMelhora sintomas da menopausa, em mulheres.<\/p>\n<p>&nbsp;<\/p>\n","protected":false},"excerpt":{"rendered":"<p>Tribulus Terrestris \u00e9 uma erva daninha que tem mais concentra\u00e7\u00e3o no Mediterr\u00e2neo.<\/p>\n","protected":false},"featured_media":1458,"comment_status":"open","ping_status":"closed","template":"","meta":[],"product_cat":[173],"product_tag":[360,361,362,84,55,230],"_links":{"self":[{"href":"https:\/\/www.emporioamazonervas.com.br\/index.php\/wp-json\/wp\/v2\/product\/1456"}],"collection":[{"href":"https:\/\/www.emporioamazonervas.com.br\/index.php\/wp-json\/wp\/v2\/product"}],"about":[{"href":"https:\/\/www.emporioamazonervas.com.br\/index.php\/wp-json\/wp\/v2\/types\/product"}],"replies":[{"embeddable":true,"href":"https:\/\/www.emporioamazonervas.com.br\/index.php\/wp-json\/wp\/v2\/comments?post=1456"}],"wp:featuredmedia":[{"embeddable":true,"href":"https:\/\/www.emporioamazonervas.com.br\/index.php\/wp-json\/wp\/v2\/media\/1458"}],"wp:attachment":[{"href":"https:\/\/www.emporioamazonervas.com.br\/index.php\/wp-json\/wp\/v2\/media?parent=1456"}],"wp:term":[{"taxonomy":"product_cat","embeddable":true,"href":"https:\/\/www.emporioamazonervas.com.br\/index.php\/wp-json\/wp\/v2\/product_cat?post=1456"},{"taxonomy":"product_tag","embeddable":true,"href":"https:\/\/www.emporioamazonervas.com.br\/index.php\/wp-json\/wp\/v2\/product_tag?post=1456"}],"curies":[{"name":"wp","href":"https:\/\/api.w.org\/{rel}","templated":true}]}}