{"id":1454,"date":"2017-11-29T20:02:02","date_gmt":"2017-11-29T22:02:02","guid":{"rendered":"http:\/\/emporioamazonervas.com.br\/?post_type=product&#038;p=1454"},"modified":"2022-09-28T09:40:16","modified_gmt":"2022-09-28T12:40:16","slug":"tribulus-power-60-capsulas-500mg","status":"publish","type":"product","link":"https:\/\/www.emporioamazonervas.com.br\/index.php\/produto\/tribulus-power-60-capsulas-500mg\/","title":{"rendered":"Tribulus Power 60 C\u00e1psulas 500mg &#8211; Vita Vita"},"content":{"rendered":"<p style=\"text-align: justify\">A Tribulus Terrestris \u00e9 o ideal para voc\u00ea que treina intensamente todos os dias e ainda por cima quer aumentar a performance sexual e surpreender sua parceira.\u00a0\u00a0Tribulus Terrestris \u00e9 um fitoter\u00e1pico proveniente de uma erva daninha encontrada em diversas partes do mundo, principalmente no Mediterr\u00e2neo. \u00c9 utilizado para diversas finalidades, sendo o ganho de massa magra e o estimulo sexual as principais. Dentre suas subst\u00e2ncias ativas, destacam-se as saponinas, os alcaloides e os flavonoides. Apesar de n\u00e3o saberem qual destes seria o composto ativo pela sua a\u00e7\u00e3o, especula-se que as saponinas sejam as respons\u00e1veis.<\/p>\n<p>A medicina tradicional tem usado o Tribulus Terrestris para aumentar os n\u00edveis de energia, diminuir os sintomas de depress\u00e3o, para tratar impot\u00eancia e infertilidade no homem e mulher, e principalmente pra aumentar a for\u00e7a e o vigor.<\/p>\n<p>Por ajudar na redu\u00e7\u00e3o dos sintomas da menopausa, a Tribulus Terrestris \u00e9 uma forte aliada da mulher. Sem contar que a erva tem forte a\u00e7\u00e3o analg\u00e9sica e pode auxiliar no al\u00edvio de dores, inclusive aquelas inc\u00f4modas dores de c\u00f3licas menstruais.<\/p>\n<p>A testosterona \u00e9 um horm\u00f4nio que tem efeitos anab\u00f3licos no organismo e \u00e9 encontrado em grande escala nos homens e em menor quantidade nas mulheres. O aumento da testosterona no sangue promove o ganho de massa muscular. Al\u00e9m disso, a testosterona \u00e9 respons\u00e1vel pelo desejo sexual tanto em homens como em mulheres.<\/p>\n<p>A Tribulus Terrestris pode aumentar o desempenho esportivo e aumentar a massa muscular. Tamb\u00e9m t\u00eam a\u00e7\u00e3o afrodis\u00edaca, agindo como um Viagra natural, ou seja, um estimulante sexual, podendo atuar at\u00e9 mesmo contra a disfun\u00e7\u00e3o sexual, principalmente em mulheres p\u00f3s-menopausa. E, ainda, h\u00e1 alguns estudos mostrando seu efeito na preven\u00e7\u00e3o e tratamento da diabete<\/p>\n","protected":false},"excerpt":{"rendered":"<p>A Tribulus Terrestris \u00e9 o ideal para voc\u00ea que treina intensamente todos os dias e ainda por cima quer aumentar a performance sexual e surpreender sua parceira.<\/p>\n","protected":false},"featured_media":2332,"comment_status":"open","ping_status":"closed","template":"","meta":[],"product_cat":[173],"product_tag":[360,361,84,359,55,230],"_links":{"self":[{"href":"https:\/\/www.emporioamazonervas.com.br\/index.php\/wp-json\/wp\/v2\/product\/1454"}],"collection":[{"href":"https:\/\/www.emporioamazonervas.com.br\/index.php\/wp-json\/wp\/v2\/product"}],"about":[{"href":"https:\/\/www.emporioamazonervas.com.br\/index.php\/wp-json\/wp\/v2\/types\/product"}],"replies":[{"embeddable":true,"href":"https:\/\/www.emporioamazonervas.com.br\/index.php\/wp-json\/wp\/v2\/comments?post=1454"}],"wp:featuredmedia":[{"embeddable":true,"href":"https:\/\/www.emporioamazonervas.com.br\/index.php\/wp-json\/wp\/v2\/media\/2332"}],"wp:attachment":[{"href":"https:\/\/www.emporioamazonervas.com.br\/index.php\/wp-json\/wp\/v2\/media?parent=1454"}],"wp:term":[{"taxonomy":"product_cat","embeddable":true,"href":"https:\/\/www.emporioamazonervas.com.br\/index.php\/wp-json\/wp\/v2\/product_cat?post=1454"},{"taxonomy":"product_tag","embeddable":true,"href":"https:\/\/www.emporioamazonervas.com.br\/index.php\/wp-json\/wp\/v2\/product_tag?post=1454"}],"curies":[{"name":"wp","href":"https:\/\/api.w.org\/{rel}","templated":true}]}}