{"id":1433,"date":"2017-11-28T14:18:33","date_gmt":"2017-11-28T16:18:33","guid":{"rendered":"http:\/\/emporioamazonervas.com.br\/?post_type=product&#038;p=1433"},"modified":"2023-03-24T10:52:37","modified_gmt":"2023-03-24T13:52:37","slug":"quitosana-espirulina-acerola-e-biotina-100-capsulas-500mg","status":"publish","type":"product","link":"https:\/\/www.emporioamazonervas.com.br\/index.php\/produto\/quitosana-espirulina-acerola-e-biotina-100-capsulas-500mg\/","title":{"rendered":"Quitosana + Espirulina com Acerola e Biotina \/ 100 Caps 500mg &#8211; ClinicMais"},"content":{"rendered":"<div class=\"info_tecnica_prod\">\n<p style=\"text-align: justify\">A<strong>\u00a0Quitosana da Ch\u00e1 Mais<\/strong>\u00a0\u00e9 um suplemento alimentar \u00e0 base de quitosana,\u00a0uma<strong>\u00a0<\/strong>fibra\u00a0natural<strong>\u00a0<\/strong>derivada da quitina, obtida a partir de exoesqueletos de<strong>\u00a0crust\u00e1ceos<\/strong>. Possui adi\u00e7\u00e3o de acerola, biotina (uma vitamina do complexo B) e\u00a0spirulina, uma microalga rica em nutrientes como vitaminas, minerais, \u00e1cidos graxos poli-insaturados, amino\u00e1cidos e antioxidantes.<\/p>\n<\/div>\n<div class=\"destaques_prod\">\n<ul>\n<li style=\"text-align: justify\">Fonte de fibras<\/li>\n<li>Sem gl\u00faten<\/li>\n<li>Fornece 100% das recomenda\u00e7\u00f5es di\u00e1rias de vitamina C<\/li>\n<li>Livre de ado\u00e7antes artificiais<\/li>\n<li>Zero s\u00f3dio<\/li>\n<li>Fornece 100% das recomenda\u00e7\u00f5es di\u00e1rias de\u00a0biotina, vitamina do complexo B.<\/li>\n<\/ul>\n<\/div>\n","protected":false},"excerpt":{"rendered":"<p>A<strong>\u00a0Quitosana da Ch\u00e1 Mais<\/strong>\u00a0\u00e9 um suplemento alimentar \u00e0 base de uma<strong>\u00a0<\/strong>fibra\u00a0natural<\/p>\n","protected":false},"featured_media":2976,"comment_status":"open","ping_status":"closed","template":"","meta":[],"product_cat":[173],"product_tag":[279,308,222,353,84,55],"_links":{"self":[{"href":"https:\/\/www.emporioamazonervas.com.br\/index.php\/wp-json\/wp\/v2\/product\/1433"}],"collection":[{"href":"https:\/\/www.emporioamazonervas.com.br\/index.php\/wp-json\/wp\/v2\/product"}],"about":[{"href":"https:\/\/www.emporioamazonervas.com.br\/index.php\/wp-json\/wp\/v2\/types\/product"}],"replies":[{"embeddable":true,"href":"https:\/\/www.emporioamazonervas.com.br\/index.php\/wp-json\/wp\/v2\/comments?post=1433"}],"wp:featuredmedia":[{"embeddable":true,"href":"https:\/\/www.emporioamazonervas.com.br\/index.php\/wp-json\/wp\/v2\/media\/2976"}],"wp:attachment":[{"href":"https:\/\/www.emporioamazonervas.com.br\/index.php\/wp-json\/wp\/v2\/media?parent=1433"}],"wp:term":[{"taxonomy":"product_cat","embeddable":true,"href":"https:\/\/www.emporioamazonervas.com.br\/index.php\/wp-json\/wp\/v2\/product_cat?post=1433"},{"taxonomy":"product_tag","embeddable":true,"href":"https:\/\/www.emporioamazonervas.com.br\/index.php\/wp-json\/wp\/v2\/product_tag?post=1433"}],"curies":[{"name":"wp","href":"https:\/\/api.w.org\/{rel}","templated":true}]}}