{"id":1410,"date":"2017-11-23T20:16:55","date_gmt":"2017-11-23T22:16:55","guid":{"rendered":"http:\/\/emporioamazonervas.com.br\/?post_type=product&#038;p=1410"},"modified":"2022-09-27T11:29:25","modified_gmt":"2022-09-27T14:29:25","slug":"omega-36-e-9-mulher-120-capsulas-1000mg","status":"publish","type":"product","link":"https:\/\/www.emporioamazonervas.com.br\/index.php\/produto\/omega-36-e-9-mulher-120-capsulas-1000mg\/","title":{"rendered":"\u00d4mega 3,6 e 9 Mulher 120 caps 1000 mg &#8211; Videira 7"},"content":{"rendered":"<p style=\"text-align: justify\">O \u00d3leo de linha\u00e7a \u00e9 considerado um importante alimento para a conquista do equil\u00edbrio org\u00e2nico, sendo eficiente na preven\u00e7\u00e3o de diversas doen\u00e7as e no tratamento de alguns quadros de defici\u00eancia hormonal, excelente fonte de \u00f4mega-3,Omega-6 e \u00f4mega-9 , pois eles auxiliam na preven\u00e7\u00e3o de doen\u00e7as cardiovasculares reduzindo o LDL (colesterol ruim) e impedindo seu ac\u00famulo nas art\u00e9rias, auxilia na preven\u00e7\u00e3o de alguns tipos de c\u00e2ncer (mama), melhora o funcionamento intestinal, contribui para a estabilidade da glicemia em diab\u00e9ticos e possui propriedades antioxidantes que retardam o envelhecimento celular.<br \/>\nO \u00d3leo de Pr\u00edmula atrav\u00e9s de seu princ\u00edpio ativo, o \u00e1cido gamalinol\u00eanico \u00e9 empregado no tratamento de toda e qualquer condi\u00e7\u00e3o para as quais as prostaglandinas (PGE1) seriam ben\u00e9ficas, auxilia no tratamento dos sintomas da tens\u00e3o pr\u00e9-menstrual (TPM), na regula\u00e7\u00e3o da inflama\u00e7\u00e3o, na tonicidade vascular e a manter a pele saud\u00e1vel e hidratada.<br \/>\nO \u00d3leo de Borragem auxilia no tratamento das car\u00eancias de \u00e1cidos graxos essenciais, especialmente de \u00e1cido gamalinol\u00eanico, na tens\u00e3o pr\u00e9-menstrual, nos sintomas da agressividade, irritabilidade, ansiedade, nas mastalgias e altera\u00e7\u00f5es funcionais benignas da mama, tamb\u00e9m como coadjuvante no tratamento da pele seca e na preven\u00e7\u00e3o do envelhecimento cut\u00e2neo, redu\u00e7\u00e3o das estrias e na hiperatividade infantil.<br \/>\nA Vitamina E \u00e9 um excelente antioxidante no combate aos radicais livres e auxilia na sa\u00fade e de um bom funcionamento do sistema imunol\u00f3gico.<\/p>\n<p><strong>Recomenda\u00e7\u00f5es de Uso:<\/strong><br \/>\nTomar 2 c\u00e1psula ao dia.<\/p>\n","protected":false},"excerpt":{"rendered":"<p>O \u00d3leo de linha\u00e7a \u00e9 considerado um importante alimento para a conquista do equil\u00edbrio org\u00e2nico, sendo eficiente na preven\u00e7\u00e3o de diversas doen\u00e7as.<\/p>\n","protected":false},"featured_media":2311,"comment_status":"open","ping_status":"closed","template":"","meta":[],"product_cat":[173],"product_tag":[345,340,346,62,63,64,55,261,114],"_links":{"self":[{"href":"https:\/\/www.emporioamazonervas.com.br\/index.php\/wp-json\/wp\/v2\/product\/1410"}],"collection":[{"href":"https:\/\/www.emporioamazonervas.com.br\/index.php\/wp-json\/wp\/v2\/product"}],"about":[{"href":"https:\/\/www.emporioamazonervas.com.br\/index.php\/wp-json\/wp\/v2\/types\/product"}],"replies":[{"embeddable":true,"href":"https:\/\/www.emporioamazonervas.com.br\/index.php\/wp-json\/wp\/v2\/comments?post=1410"}],"wp:featuredmedia":[{"embeddable":true,"href":"https:\/\/www.emporioamazonervas.com.br\/index.php\/wp-json\/wp\/v2\/media\/2311"}],"wp:attachment":[{"href":"https:\/\/www.emporioamazonervas.com.br\/index.php\/wp-json\/wp\/v2\/media?parent=1410"}],"wp:term":[{"taxonomy":"product_cat","embeddable":true,"href":"https:\/\/www.emporioamazonervas.com.br\/index.php\/wp-json\/wp\/v2\/product_cat?post=1410"},{"taxonomy":"product_tag","embeddable":true,"href":"https:\/\/www.emporioamazonervas.com.br\/index.php\/wp-json\/wp\/v2\/product_tag?post=1410"}],"curies":[{"name":"wp","href":"https:\/\/api.w.org\/{rel}","templated":true}]}}