{"id":1405,"date":"2017-11-23T19:24:35","date_gmt":"2017-11-23T21:24:35","guid":{"rendered":"http:\/\/emporioamazonervas.com.br\/?post_type=product&#038;p=1405"},"modified":"2023-04-03T09:31:27","modified_gmt":"2023-04-03T12:31:27","slug":"omega-3-120-capsulas-1000mg","status":"publish","type":"product","link":"https:\/\/www.emporioamazonervas.com.br\/index.php\/produto\/omega-3-120-capsulas-1000mg\/","title":{"rendered":"\u00d4mega 3 \/ 120 C\u00e1psulas 1000 mg &#8211; Videira 7"},"content":{"rendered":"<p style=\"text-align: justify\">O \u00d3leo de Peixe \u00e9 extraido de peixes de \u00e1guas profundas de mares gelados, sendo uma excelente\u00a0fonte de \u00d4mega 3, possuindo como principais componentes o \u00e1cido eicosapentan\u00f3ico (EPA) e o \u00e1cido\u00a0docosahexanoico (DHA).<\/p>\n<p style=\"text-align: justify\"><strong>Benef\u00edcios:<\/strong> O \u00d3leo de peixe possui v\u00e1rios benef\u00edcios para a sa\u00fade, sendo rico em \u00e1cidos graxos \u00f4mega 3,\u00a0auxiliam na preven\u00e7\u00e3o de doen\u00e7as card\u00edacas a manter seu cora\u00e7\u00e3o forte e saud\u00e1vel, tamb\u00e9m auxilia na regula\u00e7\u00e3o\u00a0dos n\u00edveis de colesterol e redu\u00e7\u00e3o da forma\u00e7\u00e3o de co\u00e1gulos, aumenta a mem\u00f3ria e a capacidade de foco, auxilia na\u00a0\u00e1rea de crescimento associados com o comportamento diminuindo a depress\u00e3o e risco de suic\u00eddio. Pesquisadores da\u00a0Harvard School of Public Health demonstraram defici\u00eancias em gorduras \u00f4mega 3 associadas \u00e0 depress\u00e3o,\u00a0ansiedade, altera\u00e7\u00f5es do humor, transtorno bipolar, doen\u00e7a de Alzheimer.\u00a0Estudos t\u00eam demonstrado que o \u00d3leo de peixe auxilia a aliviar as dores causadas por inflama\u00e7\u00f5es nas pessoas que\u00a0sofrem de artrite reumat\u00f3ide.<br \/>\nPossui propriedades anti-inflamat\u00f3rias que ajudam \u00e0 redu\u00e7\u00e3o de desordens da pele ou acne, auxilia na preven\u00e7\u00e3o\u00a0de alguns tipos de c\u00e2nceres, incluindo mama, pr\u00f3stata, test\u00edculo e de ov\u00e1rio.<\/p>\n<p><strong>Recomenda\u00e7\u00f5es de Uso:<\/strong>\u00a0Tomar\u00a0 3 c\u00e1psula\u00a0 ao dia, preferencialmente antes das principais refei\u00e7\u00f5es.\u00a0Precau\u00e7\u00f5es: Pessoas al\u00e9rgicas a peixes e crust\u00e1ceos devem evitar o consumo deste produto.<\/p>\n","protected":false},"excerpt":{"rendered":"<p>O \u00d3leo de peixe possue v\u00e1rios benef\u00edcios para a sa\u00fade, sendo rico em \u00e1cidos graxos \u00f4mega 3,\u00a0auxiliam na preven\u00e7\u00e3o de doen\u00e7as card\u00edacas a manter seu cora\u00e7\u00e3o forte e saud\u00e1vel.<\/p>\n","protected":false},"featured_media":2991,"comment_status":"open","ping_status":"closed","template":"","meta":[],"product_cat":[173],"product_tag":[507,316,533,249,338,62,792,84,55,261],"_links":{"self":[{"href":"https:\/\/www.emporioamazonervas.com.br\/index.php\/wp-json\/wp\/v2\/product\/1405"}],"collection":[{"href":"https:\/\/www.emporioamazonervas.com.br\/index.php\/wp-json\/wp\/v2\/product"}],"about":[{"href":"https:\/\/www.emporioamazonervas.com.br\/index.php\/wp-json\/wp\/v2\/types\/product"}],"replies":[{"embeddable":true,"href":"https:\/\/www.emporioamazonervas.com.br\/index.php\/wp-json\/wp\/v2\/comments?post=1405"}],"wp:featuredmedia":[{"embeddable":true,"href":"https:\/\/www.emporioamazonervas.com.br\/index.php\/wp-json\/wp\/v2\/media\/2991"}],"wp:attachment":[{"href":"https:\/\/www.emporioamazonervas.com.br\/index.php\/wp-json\/wp\/v2\/media?parent=1405"}],"wp:term":[{"taxonomy":"product_cat","embeddable":true,"href":"https:\/\/www.emporioamazonervas.com.br\/index.php\/wp-json\/wp\/v2\/product_cat?post=1405"},{"taxonomy":"product_tag","embeddable":true,"href":"https:\/\/www.emporioamazonervas.com.br\/index.php\/wp-json\/wp\/v2\/product_tag?post=1405"}],"curies":[{"name":"wp","href":"https:\/\/api.w.org\/{rel}","templated":true}]}}