{"id":1402,"date":"2017-11-23T19:15:31","date_gmt":"2017-11-23T21:15:31","guid":{"rendered":"http:\/\/emporioamazonervas.com.br\/?post_type=product&#038;p=1402"},"modified":"2022-09-27T16:19:15","modified_gmt":"2022-09-27T19:19:15","slug":"omega-36-e-9-masculino-120-capsulas-1000mg","status":"publish","type":"product","link":"https:\/\/www.emporioamazonervas.com.br\/index.php\/produto\/omega-36-e-9-masculino-120-capsulas-1000mg\/","title":{"rendered":"\u00d4mega 3, 6 e 9 Masculino 120 C\u00e1psulas 1000mg &#8211; Videira 7"},"content":{"rendered":"<p style=\"text-align: justify\">O \u00d3leo de peixe possui v\u00e1rios benef\u00edcios para a sa\u00fade, sendo rico em \u00e1cidos graxos \u00f4mega 3, auxiliam na preven\u00e7\u00e3o de doen\u00e7as card\u00edacas a manter seu cora\u00e7\u00e3o forte e saud\u00e1vel, tamb\u00e9m auxilia na regula\u00e7\u00e3o dos n\u00edveis de colesterol e redu\u00e7\u00e3o da forma\u00e7\u00e3o de co\u00e1gulos, aumenta a mem\u00f3ria e a capacidade de foco, auxilia na \u00e1rea de crescimento associados com o comportamento diminuindo a depress\u00e3o e risco de suic\u00eddio. Pesquisas demonstraram defici\u00eancias em gorduras \u00f4mega 3 associadas \u00e0 depress\u00e3o, ansiedade, altera\u00e7\u00f5es do humor, transtorno bipolar, doen\u00e7a de Alzheimer.<\/p>\n<p style=\"text-align: justify\">O \u00d3leo de linha\u00e7a \u00e9 considerado um importante alimento para a conquista do equil\u00edbrio org\u00e2nico, sendo eficiente na preven\u00e7\u00e3o de diversas doen\u00e7as e no tratamento de alguns quadros de defici\u00eancia hormonal, excelente fonte de \u00f4mega-3,Omega-6 e \u00f4mega-9 , pois eles auxiliam na preven\u00e7\u00e3o de doen\u00e7as cardiovasculares reduzindo o LDL (colesterol ruim) e impedindo seu ac\u00famulo nas art\u00e9rias, auxilia na preven\u00e7\u00e3o de alguns tipos de c\u00e2ncer (mama), melhora o funcionamento intestinal, contribui para a estabilidade da glicemia em diab\u00e9ticos e possui propriedades antioxidantes que retardam o envelhecimento celular.<\/p>\n<p style=\"text-align: justify\">O \u00d3leo de Borragem auxilia no tratamento das car\u00eancias de \u00e1cidos graxos essenciais, especialmente de \u00e1cido\u00a0gamalinol\u00eanico, nos sintomas da agressividade, irritabilidade, ansiedade, tamb\u00e9m como coadjuvante no tratamento da pele seca e na preven\u00e7\u00e3o do envelhecimento cut\u00e2neo.<\/p>\n<p style=\"text-align: justify\"><strong>Recomenda\u00e7\u00f5es de Uso:<\/strong><br \/>\nTomar 2 c\u00e1psulas ao dia.<\/p>\n","protected":false},"excerpt":{"rendered":"<p>O \u00d3leo de peixe possui v\u00e1rios benef\u00edcios para a sa\u00fade, sendo rico em \u00e1cidos graxos \u00f4mega 3, auxiliam na preven\u00e7\u00e3o de doen\u00e7as card\u00edacas a manter seu cora\u00e7\u00e3o forte e saud\u00e1vel.<\/p>\n","protected":false},"featured_media":2313,"comment_status":"open","ping_status":"closed","template":"","meta":[],"product_cat":[173],"product_tag":[337,82,335,62,63,64,336,55,261],"_links":{"self":[{"href":"https:\/\/www.emporioamazonervas.com.br\/index.php\/wp-json\/wp\/v2\/product\/1402"}],"collection":[{"href":"https:\/\/www.emporioamazonervas.com.br\/index.php\/wp-json\/wp\/v2\/product"}],"about":[{"href":"https:\/\/www.emporioamazonervas.com.br\/index.php\/wp-json\/wp\/v2\/types\/product"}],"replies":[{"embeddable":true,"href":"https:\/\/www.emporioamazonervas.com.br\/index.php\/wp-json\/wp\/v2\/comments?post=1402"}],"wp:featuredmedia":[{"embeddable":true,"href":"https:\/\/www.emporioamazonervas.com.br\/index.php\/wp-json\/wp\/v2\/media\/2313"}],"wp:attachment":[{"href":"https:\/\/www.emporioamazonervas.com.br\/index.php\/wp-json\/wp\/v2\/media?parent=1402"}],"wp:term":[{"taxonomy":"product_cat","embeddable":true,"href":"https:\/\/www.emporioamazonervas.com.br\/index.php\/wp-json\/wp\/v2\/product_cat?post=1402"},{"taxonomy":"product_tag","embeddable":true,"href":"https:\/\/www.emporioamazonervas.com.br\/index.php\/wp-json\/wp\/v2\/product_tag?post=1402"}],"curies":[{"name":"wp","href":"https:\/\/api.w.org\/{rel}","templated":true}]}}