{"id":1398,"date":"2017-11-23T18:44:29","date_gmt":"2017-11-23T20:44:29","guid":{"rendered":"http:\/\/emporioamazonervas.com.br\/?post_type=product&#038;p=1398"},"modified":"2022-01-27T08:51:18","modified_gmt":"2022-01-27T11:51:18","slug":"omega-3-60-capsulas-1000mg","status":"publish","type":"product","link":"https:\/\/www.emporioamazonervas.com.br\/index.php\/produto\/omega-3-60-capsulas-1000mg\/","title":{"rendered":"\u00d4mega 3 Videira 7 &#8211; 60 C\u00e1psulas 1000 mg"},"content":{"rendered":"<p style=\"text-align: justify\">\u00c9 um suplemento vitam\u00ednico-mineral completo de A a Zinco, contendo em sua formula\u00e7\u00e3o o \u00f3leo de peixe, sendo rico em \u00d4mega 3. A presen\u00e7a do \u00f4mega tem um efeito favor\u00e1vel sobre os n\u00edveis de triglicer\u00eddeos, press\u00e3o sangu\u00ednea, mecanismo de coagula\u00e7\u00e3o, ritmo card\u00edaco e redu\u00e7\u00e3o da incid\u00eancia de arteriosclerose. Atua como coadjuvante na alimenta\u00e7\u00e3o,auxilia nas defesas do organismo e em uma apar\u00eancia mais saud\u00e1vel. N\u00e3o engorda.<\/p>\n<p style=\"text-align: justify\"><strong>Recomenda\u00e7\u00f5es de Uso:<\/strong><br \/>\nIngerir 1c\u00e1psula ao dia.<\/p>\n<p style=\"text-align: justify\"><strong>Precau\u00e7\u00f5es:<\/strong><br \/>\nGestantes, nutrizes e crian\u00e7as at\u00e9 3 (tr\u00eas) anos, somente devem consumir esse produto sob orienta\u00e7\u00e3o de nutricionista ou m\u00e9dico. Pessoas al\u00e9rgicas a peixes e crust\u00e1ceos devem evitar o consumo deste produto.<\/p>\n<p style=\"text-align: justify\">N\u00e3o contem Gl\u00faten<\/p>\n","protected":false},"excerpt":{"rendered":"<p>\u00c9 um suplemento vitam\u00ednico-mineral completo de A a Zinco, contendo em sua formula\u00e7\u00e3o o \u00f3leo de peixe, sendo rico em \u00d4mega 3.<\/p>\n","protected":false},"featured_media":0,"comment_status":"open","ping_status":"closed","template":"","meta":[],"product_cat":[173],"product_tag":[310,62,55,261,258],"_links":{"self":[{"href":"https:\/\/www.emporioamazonervas.com.br\/index.php\/wp-json\/wp\/v2\/product\/1398"}],"collection":[{"href":"https:\/\/www.emporioamazonervas.com.br\/index.php\/wp-json\/wp\/v2\/product"}],"about":[{"href":"https:\/\/www.emporioamazonervas.com.br\/index.php\/wp-json\/wp\/v2\/types\/product"}],"replies":[{"embeddable":true,"href":"https:\/\/www.emporioamazonervas.com.br\/index.php\/wp-json\/wp\/v2\/comments?post=1398"}],"wp:attachment":[{"href":"https:\/\/www.emporioamazonervas.com.br\/index.php\/wp-json\/wp\/v2\/media?parent=1398"}],"wp:term":[{"taxonomy":"product_cat","embeddable":true,"href":"https:\/\/www.emporioamazonervas.com.br\/index.php\/wp-json\/wp\/v2\/product_cat?post=1398"},{"taxonomy":"product_tag","embeddable":true,"href":"https:\/\/www.emporioamazonervas.com.br\/index.php\/wp-json\/wp\/v2\/product_tag?post=1398"}],"curies":[{"name":"wp","href":"https:\/\/api.w.org\/{rel}","templated":true}]}}