{"id":1391,"date":"2017-11-23T13:20:39","date_gmt":"2017-11-23T15:20:39","guid":{"rendered":"http:\/\/emporioamazonervas.com.br\/?post_type=product&#038;p=1391"},"modified":"2022-12-23T16:37:36","modified_gmt":"2022-12-23T19:37:36","slug":"oleo-de-semente-de-uva-100-capsulas-500mg","status":"publish","type":"product","link":"https:\/\/www.emporioamazonervas.com.br\/index.php\/produto\/oleo-de-semente-de-uva-100-capsulas-500mg\/","title":{"rendered":"\u00d3leo de Semente de Uva 100 C\u00e1psulas 500mg &#8211; ClinicMais"},"content":{"rendered":"<p style=\"text-align: justify\">Ajuda a reduzir o colesterol ruim e aumenta o bom, previne a hipertens\u00e3o e obesidade, fortalece o sistema imunol\u00f3gico, sendo um excelente aliado nas dietas.<\/p>\n<p>\u00c9 rico em vitamina E, t\u00eam propriedades antioxidantes. Al\u00e9m disso, cont\u00e9m \u00f4mega 6, que quando combinado com uma alimenta\u00e7\u00e3o saud\u00e1vel e equilibrada, ajuda a manter a sa\u00fade do cora\u00e7\u00e3o e a evitar o envelhecimento da pele.<\/p>\n<p style=\"text-align: justify\">Atua eliminando os radicais livres reduzindo as possibilidades de doen\u00e7as degenerativas e cardiovasculares, aliado a h\u00e1bitos de vida saud\u00e1veis. Atua tamb\u00e9m no fortalecimento das paredes dos vasos sangu\u00edneos<\/p>\n<p style=\"text-align: justify\">-N\u00c3O CONT\u00c9M GLUT\u00c9M.<\/p>\n<p style=\"text-align: justify\">Recomenda\u00e7\u00e3o de consumo: Ingerir 4 c\u00e1psulas ao dia.<\/p>\n","protected":false},"excerpt":{"rendered":"<p>A\u00a0<strong>Ch\u00e1 Mais<\/strong>\u00a0desenvolveu o\u00a0<strong>\u00f3leo\u00a0<\/strong>de s<strong>emente de uva em c\u00e1psulas<\/strong>, permitindo mais praticidade no seu uso. \u00c9\u00a0rica em tocoferol (vitamina E), principalmente sob a forma de alfa-tocoferol.<\/p>\n","protected":false},"featured_media":2763,"comment_status":"open","ping_status":"closed","template":"","meta":[],"product_cat":[173],"product_tag":[316,222,795,627,556,551,84,765,107,55],"_links":{"self":[{"href":"https:\/\/www.emporioamazonervas.com.br\/index.php\/wp-json\/wp\/v2\/product\/1391"}],"collection":[{"href":"https:\/\/www.emporioamazonervas.com.br\/index.php\/wp-json\/wp\/v2\/product"}],"about":[{"href":"https:\/\/www.emporioamazonervas.com.br\/index.php\/wp-json\/wp\/v2\/types\/product"}],"replies":[{"embeddable":true,"href":"https:\/\/www.emporioamazonervas.com.br\/index.php\/wp-json\/wp\/v2\/comments?post=1391"}],"wp:featuredmedia":[{"embeddable":true,"href":"https:\/\/www.emporioamazonervas.com.br\/index.php\/wp-json\/wp\/v2\/media\/2763"}],"wp:attachment":[{"href":"https:\/\/www.emporioamazonervas.com.br\/index.php\/wp-json\/wp\/v2\/media?parent=1391"}],"wp:term":[{"taxonomy":"product_cat","embeddable":true,"href":"https:\/\/www.emporioamazonervas.com.br\/index.php\/wp-json\/wp\/v2\/product_cat?post=1391"},{"taxonomy":"product_tag","embeddable":true,"href":"https:\/\/www.emporioamazonervas.com.br\/index.php\/wp-json\/wp\/v2\/product_tag?post=1391"}],"curies":[{"name":"wp","href":"https:\/\/api.w.org\/{rel}","templated":true}]}}