{"id":1381,"date":"2017-11-22T21:01:15","date_gmt":"2017-11-22T23:01:15","guid":{"rendered":"http:\/\/emporioamazonervas.com.br\/?post_type=product&#038;p=1381"},"modified":"2022-09-27T16:13:36","modified_gmt":"2022-09-27T19:13:36","slug":"oleo-de-linhaca-60-capsulas-1000mg","status":"publish","type":"product","link":"https:\/\/www.emporioamazonervas.com.br\/index.php\/produto\/oleo-de-linhaca-60-capsulas-1000mg\/","title":{"rendered":"\u00d3leo de Linha\u00e7a Dourada 60 C\u00e1psulas 1000mg &#8211; ClinicMais"},"content":{"rendered":"<p style=\"text-align: justify\">Cont\u00e9m \u00e1cidos graxos \u00d4mega-3, um importante nutriente que ajuda a diminuir a incid\u00eancia de doen\u00e7as cardiovasculares. Considerada um alimento funcional, a linha\u00e7a possui propriedades anticancer\u00edgenas e antioxidantes.<\/p>\n<p style=\"text-align: justify\">Este produto \u00e9 tamb\u00e9m rico\u00a0em &#8220;ligninas&#8221;, subst\u00e2ncias semelhantes ao estr\u00f3geno que est\u00e3o relacionadas ao equil\u00edbrio hormonal feminino, diminuindo os sintomas da TPM.<\/p>\n<p style=\"text-align: justify\">Os \u00e1cidos graxos presentes nesse \u00f3leo favorecem o fortalecimento da imunidade.<\/p>\n<ul>\n<li style=\"text-align: justify\">Fonte de vitamina E;<\/li>\n<li style=\"text-align: justify\">Aliado da sa\u00fade da mulher;<\/li>\n<li style=\"text-align: justify\">Auxilia na manuten\u00e7\u00e3o dos n\u00edveis saud\u00e1veis de colesterol;<\/li>\n<li style=\"text-align: justify\">Tem efeito anti-inflamat\u00f3rio natural.<\/li>\n<\/ul>\n","protected":false},"excerpt":{"rendered":"<p>O \u00f3leo de linha\u00e7a da ch\u00e1 mais \u00e9 rica em \u00e1cidos graxos, como o \u00d4mega-3.<\/p>\n","protected":false},"featured_media":2312,"comment_status":"open","ping_status":"closed","template":"","meta":[],"product_cat":[173],"product_tag":[222,82,84,55],"_links":{"self":[{"href":"https:\/\/www.emporioamazonervas.com.br\/index.php\/wp-json\/wp\/v2\/product\/1381"}],"collection":[{"href":"https:\/\/www.emporioamazonervas.com.br\/index.php\/wp-json\/wp\/v2\/product"}],"about":[{"href":"https:\/\/www.emporioamazonervas.com.br\/index.php\/wp-json\/wp\/v2\/types\/product"}],"replies":[{"embeddable":true,"href":"https:\/\/www.emporioamazonervas.com.br\/index.php\/wp-json\/wp\/v2\/comments?post=1381"}],"wp:featuredmedia":[{"embeddable":true,"href":"https:\/\/www.emporioamazonervas.com.br\/index.php\/wp-json\/wp\/v2\/media\/2312"}],"wp:attachment":[{"href":"https:\/\/www.emporioamazonervas.com.br\/index.php\/wp-json\/wp\/v2\/media?parent=1381"}],"wp:term":[{"taxonomy":"product_cat","embeddable":true,"href":"https:\/\/www.emporioamazonervas.com.br\/index.php\/wp-json\/wp\/v2\/product_cat?post=1381"},{"taxonomy":"product_tag","embeddable":true,"href":"https:\/\/www.emporioamazonervas.com.br\/index.php\/wp-json\/wp\/v2\/product_tag?post=1381"}],"curies":[{"name":"wp","href":"https:\/\/api.w.org\/{rel}","templated":true}]}}