{"id":1378,"date":"2017-11-22T20:41:53","date_gmt":"2017-11-22T22:41:53","guid":{"rendered":"http:\/\/emporioamazonervas.com.br\/?post_type=product&#038;p=1378"},"modified":"2022-09-28T09:41:53","modified_gmt":"2022-09-28T12:41:53","slug":"oleo-de-germe-de-trigo-50-capsulas-250mg","status":"publish","type":"product","link":"https:\/\/www.emporioamazonervas.com.br\/index.php\/produto\/oleo-de-germe-de-trigo-50-capsulas-250mg\/","title":{"rendered":"\u00d3leo de Germe de Trigo 50 C\u00e1psulas 250mg &#8211; Vita Vita"},"content":{"rendered":"<p style=\"text-align: justify\">O\u00a0<strong>\u00d3leo de G\u00e9rmen de Trigo<\/strong>\u00a0\u00e9 obtido por compress\u00e3o a partir dos fragmentos do germe do gr\u00e3o de trigo (Triticum sativum Lank) que concentra um elevado teor de Vitamina E, ao contr\u00e1rio do resto do gr\u00e3o que \u00e9 formado por a\u00e7\u00facar e amido.<br \/>\nO\u00a0<strong>\u00d3leo de G\u00e9rmen de Trigo<\/strong>, al\u00e9m de rico em vitamina E, possui sais minerais e \u00e1cidos graxos insaturados, que s\u00e3o de vital import\u00e2ncia na preven\u00e7\u00e3o de doen\u00e7as.<br \/>\nCont\u00e9m 80-85% de glicer\u00eddeos de \u00e1cidos graxos insaturados, uma pr\u00f3\u00a0vitamina A e vitamina E;\u00a0\u00e1cido ol\u00e9ico, \u00e1cido linoleico, \u00e1cido linol\u00eanico, \u00e1cido palm\u00edtico, \u00e1cido este\u00e1rico, \u00e1cidos graxos livres e lecitina.<br \/>\nEste \u00f3leo tem a\u00e7\u00f5es t\u00f4nica, fortificante, revitalizante, emoliente, nutritiva e estimulante.<\/p>\n<p style=\"text-align: justify\">INDICA\u00c7\u00d5ES<br \/>\n\u2013\u00a0Apresenta fun\u00e7\u00e3o anticoagulante e vasodilatador das art\u00e9rias;<br \/>\n\u2013\u00a0Suas vitaminas t\u00eam a capacidade de reduzir o a\u00e7\u00facar no sangue, sendo, portanto, um bom aliado no controle da\u00a0diabetes;<br \/>\n\u2013 Previne o ressecamento e rugas da pele;<br \/>\n\u2013 Ajuda na forma\u00e7\u00e3o de pele nova nas \u00e1reas feridas ou queimadas, al\u00e9m de proteger a membrana celular do ataque de radicais livres, ajudando a impedir o envelhecimento precoce da pele;<br \/>\n\u2013\u00a0Reduz o a\u00e7\u00facar no sangue e aumenta o oxig\u00eanio das c\u00e9lulas;<br \/>\n\u2013 Pode ser usado como fitoter\u00e1pico, em c\u00e1psulas gelatinosas, para uso interno;<\/p>\n","protected":false},"excerpt":{"rendered":"<p>O\u00a0<strong>\u00d3leo de G\u00e9rmen de Trigo<\/strong>, al\u00e9m de rico em vitamina E, possui sais minerais e \u00e1cidos graxos insaturados, que s\u00e3o de vital import\u00e2ncia na\u00a0preven\u00e7\u00e3o de doen\u00e7as.<\/p>\n","protected":false},"featured_media":1379,"comment_status":"open","ping_status":"closed","template":"","meta":[],"product_cat":[173],"product_tag":[204,332,55,230,114],"_links":{"self":[{"href":"https:\/\/www.emporioamazonervas.com.br\/index.php\/wp-json\/wp\/v2\/product\/1378"}],"collection":[{"href":"https:\/\/www.emporioamazonervas.com.br\/index.php\/wp-json\/wp\/v2\/product"}],"about":[{"href":"https:\/\/www.emporioamazonervas.com.br\/index.php\/wp-json\/wp\/v2\/types\/product"}],"replies":[{"embeddable":true,"href":"https:\/\/www.emporioamazonervas.com.br\/index.php\/wp-json\/wp\/v2\/comments?post=1378"}],"wp:featuredmedia":[{"embeddable":true,"href":"https:\/\/www.emporioamazonervas.com.br\/index.php\/wp-json\/wp\/v2\/media\/1379"}],"wp:attachment":[{"href":"https:\/\/www.emporioamazonervas.com.br\/index.php\/wp-json\/wp\/v2\/media?parent=1378"}],"wp:term":[{"taxonomy":"product_cat","embeddable":true,"href":"https:\/\/www.emporioamazonervas.com.br\/index.php\/wp-json\/wp\/v2\/product_cat?post=1378"},{"taxonomy":"product_tag","embeddable":true,"href":"https:\/\/www.emporioamazonervas.com.br\/index.php\/wp-json\/wp\/v2\/product_tag?post=1378"}],"curies":[{"name":"wp","href":"https:\/\/api.w.org\/{rel}","templated":true}]}}