{"id":1374,"date":"2017-11-22T20:17:07","date_gmt":"2017-11-22T22:17:07","guid":{"rendered":"http:\/\/emporioamazonervas.com.br\/?post_type=product&#038;p=1374"},"modified":"2022-08-27T12:11:12","modified_gmt":"2022-08-27T15:11:12","slug":"oleo-de-coco-60-capsulas-1000mg","status":"publish","type":"product","link":"https:\/\/www.emporioamazonervas.com.br\/index.php\/produto\/oleo-de-coco-60-capsulas-1000mg\/","title":{"rendered":"\u00d3leo de Coco &#8211; 60 C\u00e1psulas 1000mg"},"content":{"rendered":"<p style=\"text-align: justify\">O \u00f3leo de coco \u00e9 um produto 100% natural de origem vegetal. O coco pode ser considerado um alimento funcional, pois \u00e9 rico em prote\u00ednas, carboidratos, e minerais e v\u00e1rios\u00a0componentes ben\u00e9ficos \u00e0 sa\u00fade, como os \u00e1cidos l\u00e1urico, mir\u00edstico e palm\u00edtico. Cerca de 50% da gordura do coco \u00e9\u00a0composta pelo \u00e1cido l\u00e1urico, o seu principal \u00e1cido graxo, de cadeia m\u00e9dia, que no corpo humano se transforma em\u00a0monolaurina, um monoglicer\u00eddeo de a\u00e7\u00e3o antibacteriana, antiviral e antiprotozo\u00e1ria, usado pelo organismo para destruir a capa lip\u00eddica de v\u00e1rios microrganismos.<\/p>\n<p style=\"text-align: justify\"><strong>Benef\u00edcios:<\/strong>\u00a0O \u00f3leo do coco \u00e9 livre de gordura trans e possui alto teor de \u00e1cidos graxos de cadeia m\u00e9dia (\u00e1cido\u00a0l\u00e1urico), id\u00eanticos aos encontrados no leite humano. Al\u00e9m do mais, reduz o risco de doen\u00e7a card\u00edaca e coronariana,\u00a0reduz o risco de c\u00e2ncer, regulariza o ritmo intestinal, ajuda a controlar o diabetes, aumenta os n\u00edveis de energia,\u00a0melhora a digest\u00e3o e absor\u00e7\u00e3o de nutrientes, aumenta o metabolismo, ajuda na perda de peso,\u00a0ajuda a prevenir a osteoporose, mant\u00e9m a pele macia e previne o envelhecimento precoce.<br \/>\nA gordura do coco leva \u00e0 normaliza\u00e7\u00e3o dos lip\u00eddeos (gorduras) corporais, protege o f\u00edgado dos efeitos do \u00e1lcool e\u00a0aumenta a resposta imunit\u00e1ria contra fungos, bact\u00e9rias e protozo\u00e1rios, tamb\u00e9m se mostrou ben\u00e9fica no combate aos\u00a0fatores de risco para doen\u00e7as card\u00edacas n\u00e3o aumentando o colesterol e nem o risco de mortalidade ou morbidade\u00a0por doen\u00e7a coronariana, uma vez que, tem a propriedade de aumentar a fra\u00e7\u00e3o HDL do colesterol \u201ccolesterol bom\u201d.<\/p>\n<p style=\"text-align: justify\"><strong>Recomenda\u00e7\u00f5es de Uso:<\/strong>\u00a0Tomar 2 c\u00e1psulas 2 vezes ao dia, antes das principais refei\u00e7\u00f5es com \u00e1gua.<\/p>\n","protected":false},"excerpt":{"rendered":"<p>O \u00f3leo do c\u00f4co \u00e9 livre de gordura trans e possui alto teor de \u00e1cidos graxos de cadeia m\u00e9dia (\u00e1cido\u00a0l\u00e1urico), id\u00eanticos aos encontrados no leite humano.<\/p>\n","protected":false},"featured_media":0,"comment_status":"open","ping_status":"closed","template":"","meta":[],"product_cat":[173],"product_tag":[144,66,84,55,261],"_links":{"self":[{"href":"https:\/\/www.emporioamazonervas.com.br\/index.php\/wp-json\/wp\/v2\/product\/1374"}],"collection":[{"href":"https:\/\/www.emporioamazonervas.com.br\/index.php\/wp-json\/wp\/v2\/product"}],"about":[{"href":"https:\/\/www.emporioamazonervas.com.br\/index.php\/wp-json\/wp\/v2\/types\/product"}],"replies":[{"embeddable":true,"href":"https:\/\/www.emporioamazonervas.com.br\/index.php\/wp-json\/wp\/v2\/comments?post=1374"}],"wp:attachment":[{"href":"https:\/\/www.emporioamazonervas.com.br\/index.php\/wp-json\/wp\/v2\/media?parent=1374"}],"wp:term":[{"taxonomy":"product_cat","embeddable":true,"href":"https:\/\/www.emporioamazonervas.com.br\/index.php\/wp-json\/wp\/v2\/product_cat?post=1374"},{"taxonomy":"product_tag","embeddable":true,"href":"https:\/\/www.emporioamazonervas.com.br\/index.php\/wp-json\/wp\/v2\/product_tag?post=1374"}],"curies":[{"name":"wp","href":"https:\/\/api.w.org\/{rel}","templated":true}]}}