{"id":1371,"date":"2017-11-22T19:46:11","date_gmt":"2017-11-22T21:46:11","guid":{"rendered":"http:\/\/emporioamazonervas.com.br\/?post_type=product&#038;p=1371"},"modified":"2022-12-23T17:29:09","modified_gmt":"2022-12-23T20:29:09","slug":"oleo-de-cartamococo-60-capsulas-1000mg","status":"publish","type":"product","link":"https:\/\/www.emporioamazonervas.com.br\/index.php\/produto\/oleo-de-cartamococo-60-capsulas-1000mg\/","title":{"rendered":"\u00d3leo de C\u00e1rtamo + Coco 60 C\u00e1psulas  100mg &#8211; ClinicMais"},"content":{"rendered":"<p style=\"text-align: justify\">A Ch\u00e1 Mais desenvolveu a c\u00e1psula oleosa\u00a0\u00d3leo de C\u00e1rtamo\u00a0com\u00a0\u00d3leo de Coco, uma combina\u00e7\u00e3o perfeita para quem deseja perder peso e gordura localizada, principalmente na regi\u00e3o abdominal. Esse \u00f3leo de origem vegetal \u00e9 muito apreciado por que diferentemente de outros emagrecedores, ele possui \u00d4mega 6 e \u00d4mega 9, oferecendo a queima de gordura localizada, principalmente das regi\u00f5es do abd\u00f4men O \u00d4MEGA 6\u00a0atua como um catalisador, aquecendo a temperatura dos \u00f3rg\u00e3os vitais, quando ocorre esse aquecimento o nosso organismo vai em busca da gordura branca localizada nas regi\u00f5es do quadril, cintura e abdome. O \u00d4mega 9 inibe a a\u00e7\u00e3o do cortisol, o horm\u00f4nio respons\u00e1vel pelo armazenamento de gorduras na regi\u00e3o abdominal. Por isso as c\u00e1psulas de \u00d3leo de C\u00e1rtamo s\u00e3o muito indicadas para eliminar os famosos pneuzinhos da barriga.<\/p>\n<ul>\n<li>Sensa\u00e7\u00e3o de saciedade;<\/li>\n<li>\u00a0Reduz e controla o apetite;<\/li>\n<li>\u00a0Tem a\u00e7\u00e3o antioxidante, o que ajuda a combater o envelhecimento<\/li>\n<li>Auxilia no tratamento e preven\u00e7\u00e3o da celulite;<\/li>\n<li>\u00a0Redu\u00e7\u00e3o de peso corporal;<\/li>\n<li>\u00a0Redu\u00e7\u00e3o e controle do diabetes;<\/li>\n<li>\u00a0Inibi\u00e7\u00e3o de c\u00e9lulas cancer\u00edgenas;<\/li>\n<\/ul>\n","protected":false},"excerpt":{"rendered":"<p>\u00d3leo de C\u00e1rtamo\u00a0com\u00a0\u00d3leo de Coco, uma combina\u00e7\u00e3o perfeita para quem deseja perder peso e gordura localizada.<\/p>\n<p style=\"text-align: justify\"><b>C<\/b>ombina\u00e7\u00e3o de \u00e1cidos graxos para atuar no controle do peso. O \u00f3leo de c\u00e1rtamo possui \u00e1cido linoleico e vitamina E.\u00a0Um antioxidante natural que auxilia na preven\u00e7\u00e3o de celulite, hidrata pele e auxilia no emagrecimento.\u00a0O \u00f3leo de coco produz efeito termog\u00eanico e de supress\u00e3o do apetite, quando consumido antes das refei\u00e7\u00f5es.<\/p>\n<p>&#8211; N\u00c3O CONT\u00c9M GL\u00daTEN<\/p>\n","protected":false},"featured_media":2770,"comment_status":"open","ping_status":"closed","template":"","meta":[],"product_cat":[173],"product_tag":[304,484,144,84,55],"_links":{"self":[{"href":"https:\/\/www.emporioamazonervas.com.br\/index.php\/wp-json\/wp\/v2\/product\/1371"}],"collection":[{"href":"https:\/\/www.emporioamazonervas.com.br\/index.php\/wp-json\/wp\/v2\/product"}],"about":[{"href":"https:\/\/www.emporioamazonervas.com.br\/index.php\/wp-json\/wp\/v2\/types\/product"}],"replies":[{"embeddable":true,"href":"https:\/\/www.emporioamazonervas.com.br\/index.php\/wp-json\/wp\/v2\/comments?post=1371"}],"wp:featuredmedia":[{"embeddable":true,"href":"https:\/\/www.emporioamazonervas.com.br\/index.php\/wp-json\/wp\/v2\/media\/2770"}],"wp:attachment":[{"href":"https:\/\/www.emporioamazonervas.com.br\/index.php\/wp-json\/wp\/v2\/media?parent=1371"}],"wp:term":[{"taxonomy":"product_cat","embeddable":true,"href":"https:\/\/www.emporioamazonervas.com.br\/index.php\/wp-json\/wp\/v2\/product_cat?post=1371"},{"taxonomy":"product_tag","embeddable":true,"href":"https:\/\/www.emporioamazonervas.com.br\/index.php\/wp-json\/wp\/v2\/product_tag?post=1371"}],"curies":[{"name":"wp","href":"https:\/\/api.w.org\/{rel}","templated":true}]}}