{"id":1369,"date":"2017-11-22T19:32:31","date_gmt":"2017-11-22T21:32:31","guid":{"rendered":"http:\/\/emporioamazonervas.com.br\/?post_type=product&#038;p=1369"},"modified":"2022-10-25T12:45:33","modified_gmt":"2022-10-25T15:45:33","slug":"oleo-de-chia-coco-60-capsulas-1000mg","status":"publish","type":"product","link":"https:\/\/www.emporioamazonervas.com.br\/index.php\/produto\/oleo-de-chia-coco-60-capsulas-1000mg\/","title":{"rendered":"\u00d3leo de Chia + Coco 60 caps 1000mg &#8211; ClinicMais"},"content":{"rendered":"<p style=\"text-align: justify\">Auxilia em dietas de emagrecimento, possui a\u00e7\u00f5es antioxidantes capazes de prevenir diversas doen\u00e7as e fazer a limpeza do organismo livrando-o dos radicais livres.<\/p>\n<p style=\"text-align: justify\">A jun\u00e7\u00e3o destes \u00f3leos em uma c\u00e1psula potencializa a redu\u00e7\u00e3o da circunfer\u00eancia abdominal. O \u00f3leo de chia \u00e9 o \u00fanico \u00f3leo vegetal rico em \u00d4mega-3 que melhora os n\u00edveis do bom colesterol (HDL). O \u00f3leo de coco \u00e9 fonte de \u00d4megas-6, 9 e \u00e1cido l\u00e1urico.<\/p>\n<p style=\"text-align: justify\">O \u00e1cido l\u00e1urico presente na composi\u00e7\u00e3o do \u00f3leo de coco tem a\u00e7\u00e3o antif\u00fangica, antibactericida e antiviral, por isso \u00e9 muito importante para o sistema imunol\u00f3gico, uma vez que ajuda na preven\u00e7\u00e3o de doen\u00e7as como a candid\u00edase.<\/p>\n<ul>\n<li style=\"text-align: justify\">Promove a saciedade;<\/li>\n<li style=\"text-align: justify\">Desintoxica o organismo.<\/li>\n<\/ul>\n<p>&#8211; N\u00c3O CONT\u00c9M GL\u00daTEN.<\/p>\n<p>&nbsp;<\/p>\n<p>&nbsp;<\/p>\n","protected":false},"excerpt":{"rendered":"<p>&nbsp;<\/p>\n<p>Auxilia em dietas de emagrecimento, possui a\u00e7\u00f5es antioxidantes capazes de prevenir diversas doen\u00e7as e fazer a limpeza do organismo livrando-o dos radicais livres.<\/p>\n<p>A jun\u00e7\u00e3o destes \u00f3leos em uma c\u00e1psula potencializa a redu\u00e7\u00e3o da circunfer\u00eancia abdominal. O \u00f3leo de chia \u00e9 o \u00fanico \u00f3leo vegetal rico em \u00d4mega-3 que melhora os n\u00edveis do bom colesterol (HDL). O \u00f3leo de coco \u00e9 fonte de \u00d4megas-6, 9 e \u00e1cido l\u00e1urico.<\/p>\n<ul>\n<li>Promove a saciedade;<\/li>\n<li>Desintoxica o organismo.<\/li>\n<\/ul>\n<p>&#8211; N\u00c3O CONT\u00c9M GL\u00daTEN.<\/p>\n<p>&nbsp;<\/p>\n","protected":false},"featured_media":2372,"comment_status":"open","ping_status":"closed","template":"","meta":[],"product_cat":[173],"product_tag":[316,72,484,144,84,727],"_links":{"self":[{"href":"https:\/\/www.emporioamazonervas.com.br\/index.php\/wp-json\/wp\/v2\/product\/1369"}],"collection":[{"href":"https:\/\/www.emporioamazonervas.com.br\/index.php\/wp-json\/wp\/v2\/product"}],"about":[{"href":"https:\/\/www.emporioamazonervas.com.br\/index.php\/wp-json\/wp\/v2\/types\/product"}],"replies":[{"embeddable":true,"href":"https:\/\/www.emporioamazonervas.com.br\/index.php\/wp-json\/wp\/v2\/comments?post=1369"}],"wp:featuredmedia":[{"embeddable":true,"href":"https:\/\/www.emporioamazonervas.com.br\/index.php\/wp-json\/wp\/v2\/media\/2372"}],"wp:attachment":[{"href":"https:\/\/www.emporioamazonervas.com.br\/index.php\/wp-json\/wp\/v2\/media?parent=1369"}],"wp:term":[{"taxonomy":"product_cat","embeddable":true,"href":"https:\/\/www.emporioamazonervas.com.br\/index.php\/wp-json\/wp\/v2\/product_cat?post=1369"},{"taxonomy":"product_tag","embeddable":true,"href":"https:\/\/www.emporioamazonervas.com.br\/index.php\/wp-json\/wp\/v2\/product_tag?post=1369"}],"curies":[{"name":"wp","href":"https:\/\/api.w.org\/{rel}","templated":true}]}}