{"id":1365,"date":"2017-11-22T18:24:09","date_gmt":"2017-11-22T20:24:09","guid":{"rendered":"http:\/\/emporioamazonervas.com.br\/?post_type=product&#038;p=1365"},"modified":"2022-10-28T18:48:22","modified_gmt":"2022-10-28T21:48:22","slug":"oleo-de-cartamococochia-com-cromo-60-capsulas-1000mg","status":"publish","type":"product","link":"https:\/\/www.emporioamazonervas.com.br\/index.php\/produto\/oleo-de-cartamococochia-com-cromo-60-capsulas-1000mg\/","title":{"rendered":"\u00d3leo de C\u00e1rtamo+Coco+Chia com Cromo 60 caps 1000mg &#8211; Videira 7"},"content":{"rendered":"<p style=\"text-align: justify\">O Cartamo \u00e9 uma planta oleaginosa de origem asi\u00e1tica, cujas sementes possuem elevados teores de \u00e1cidos graxos monoinsaturados e poliinsaturados tais como \u00e1cido linol\u00e9ico e \u00e1cido ol\u00e9ico. Ele auxilia na redu\u00e7\u00e3o de gordura corporal de maneira muito significativa, inibindo o aumento do tecido adiposo fazendo com que o organismo acumule menos gordura e, consequentemente obrigando o corpo a queimar suas reservas. O uso do \u00f3leo de Cartamo, pode ajudar na acelera\u00e7\u00e3o do emagrecimento e na tonifica\u00e7\u00e3o muscular, desde que associado de uma dieta alimentar equilibrada e da pr\u00e1tica de exerc\u00edcios f\u00edsicos. Entre seus benef\u00edcios ele auxilia a redu\u00e7\u00e3o dos n\u00edveis de LDL (mau colesterol) e triglic\u00e9rides: o \u00e1cido oleico (\u00f4mega 9), al\u00e9m de ajudar a manter os n\u00edveis de colesterol dentro dos limites normais, esse \u00e1cido desempenha um papel fundamental na s\u00edntese de horm\u00f4nios, regulando os processos metab\u00f3licos do organismo.<br \/>\n<strong>O \u00f3leo do coco<\/strong>\u00a0\u00e9 livre de gordura trans e possui alto teor de \u00e1cidos graxos de cadeia m\u00e9dia (\u00e1cido l\u00e1urico), id\u00eanticos aos encontrados no leite humano. Al\u00e9m do mais, reduz o risco de doen\u00e7a card\u00edaca e coronariana, reduz o risco de c\u00e2ncer, regulariza o ritmo intestinal, ajuda a controlar o diabetes, aumenta os n\u00edveis de energia,melhora a digest\u00e3o e absor\u00e7\u00e3o de nutrientes, aumenta o metabolismo, ajuda na perda de peso (a\u00e7\u00e3o \u201cfat burner\u201d), ajuda a prevenir a osteoporose, mant\u00e9m a pele macia e previne o envelhecimento precoce. A gordura do c\u00f4co leva \u00e0 normaliza\u00e7\u00e3o dos lip\u00eddeos (gorduras) corporais, protege o f\u00edgado dos efeitos do \u00e1lcool e aumenta a resposta imunit\u00e1ria contra fungos, bact\u00e9rias e protozo\u00e1rios, tamb\u00e9m se mostrou ben\u00e9fica no combate aos fatores de risco para doen\u00e7as card\u00edacas n\u00e3o aumentando o colesterol e nem o risco de mortalidade ou morbidade<br \/>\npor doen\u00e7a coronariana, uma vez que, tem a propriedade de aumentar a fra\u00e7\u00e3o HDL do colesterol (\u201ccolesterol bom\u201d).<br \/>\nChia \u00e9 uma planta herb\u00e1cea de clima tropical e subtropical e pertence \u00e0 fam\u00edlia bot\u00e2nica. Ela possuem cinco vezes mais c\u00e1lcio que o leite, fornecem duas vezes mais pot\u00e1ssio que as bananas, fornecem tr\u00eas vezes mais antioxidantes que as famosas uvas-do-monte, fornecem tr\u00eas vezes mais ferro que o espinafre, s\u00e3o uma fonte de prote\u00edna completa, que fornece todos os amino\u00e1cidos essenciais que o homem precisa, s\u00e3o tamb\u00e9m extremamente ricas em fibras, vitaminas e minerais, sendo a fonte vegetal mais rica que se tem conhecimento at\u00e9 hoje, tornando-se um superalimento mais potentes, funcionais e nutritivos do mundo, as sementes de Chia s\u00e3o o sonho de quem faz dieta, pois inibem a fome e limpam o corpo das toxinas, equilibram o a\u00e7\u00facar no sangue, garantindo energia ao longo do dia e diminuindo o risco de diabetes tipo 2, ajudam a regular o tr\u00e2nsito intestinal, prevenindo divert\u00edculos, pois sua fibra sol\u00favel hidrata o c\u00f3lon e facilita o movimento perist\u00e1ltico, ajudam a diminuir os n\u00edveis de colesterol e triglic\u00e9rides, s\u00e3o tamb\u00e9m muito ben\u00e9ficas para desportistas, pois s\u00e3o hidrof\u00edlicas, e absorvem at\u00e9 10 vezes mais o seu peso em \u00e1gua, mantendo o corpo hidratado.<br \/>\n<strong>O Picolinato de cromo<\/strong>\u00a0proporciona o aumento de insulina que melhora o recebimento de glicose, melhora a circula\u00e7\u00e3o sangu\u00ednea e manuten\u00e7\u00e3o dos n\u00edveis de a\u00e7\u00facar no sangue, com isso h\u00e1 o ganho de energia, a queima de gorduras e constru\u00e7\u00e3o muscular.<br \/>\nO Picolinato de cromo \u00e9 um composto qu\u00edmico que \u00e9 considerado como suplemento alimentar para prevenir e tratar a defici\u00eancia de cromo. O cromo auxilia o organismo a utilizar a insulina, um horm\u00f4nio que transfere o a\u00e7\u00facar do sangue (glicose) para as c\u00e9lulas onde \u00e9 usado como combust\u00edvel. Quando existe cromo suficiente, o corpo humano utiliza a insulina de forma eficiente e mant\u00e9m n\u00edveis sangu\u00edneos normais de glicose. Al\u00e9m disso, o cromo ajuda no processamento de prote\u00ednas para o aumento de massa muscular e na perda de peso como queimador de gorduras.<br \/>\n<strong>A Vitamina E<\/strong>\u00a0evita a peroxida\u00e7\u00e3o de \u00e1cidos graxos poliinsaturados que ocorrem em membranas por todo o corpo. Regenera tecidos. Sua a\u00e7\u00e3o antioxidante ajuda a combater os radicais livres, diminuindo os efeitos do envelhecimento por manter as c\u00e9lulas protegidas dos danos dos radicais livres. Auxilia na circula\u00e7\u00e3o e aumenta os gl\u00f3bulos vermelhos. Importante para a pele, \u00f3rg\u00e3os reprodutores e m\u00fasculos. Previne doen\u00e7as cardiovasculares sendo parcialmente respons\u00e1vel pela regenera\u00e7\u00e3o de todos os tecidos do corpo, incluindo sangue, pele, ossos, m\u00fasculos e nervos. Esta regenera\u00e7\u00e3o dos tecidos \u00e9 ainda mais importante para pessoas muito ativas que treinam intensamente e levam o corpo a um esfor\u00e7o f\u00edsico demasiado.<\/p>\n","protected":false},"excerpt":{"rendered":"<p>O uso do \u00f3leo de Cartamo, pode ajudar na acelera\u00e7\u00e3o do emagrecimento e na tonifica\u00e7\u00e3o muscular.<\/p>\n","protected":false},"featured_media":2388,"comment_status":"open","ping_status":"closed","template":"","meta":[],"product_cat":[173],"product_tag":[304,72,144,143,84,55,261],"_links":{"self":[{"href":"https:\/\/www.emporioamazonervas.com.br\/index.php\/wp-json\/wp\/v2\/product\/1365"}],"collection":[{"href":"https:\/\/www.emporioamazonervas.com.br\/index.php\/wp-json\/wp\/v2\/product"}],"about":[{"href":"https:\/\/www.emporioamazonervas.com.br\/index.php\/wp-json\/wp\/v2\/types\/product"}],"replies":[{"embeddable":true,"href":"https:\/\/www.emporioamazonervas.com.br\/index.php\/wp-json\/wp\/v2\/comments?post=1365"}],"wp:featuredmedia":[{"embeddable":true,"href":"https:\/\/www.emporioamazonervas.com.br\/index.php\/wp-json\/wp\/v2\/media\/2388"}],"wp:attachment":[{"href":"https:\/\/www.emporioamazonervas.com.br\/index.php\/wp-json\/wp\/v2\/media?parent=1365"}],"wp:term":[{"taxonomy":"product_cat","embeddable":true,"href":"https:\/\/www.emporioamazonervas.com.br\/index.php\/wp-json\/wp\/v2\/product_cat?post=1365"},{"taxonomy":"product_tag","embeddable":true,"href":"https:\/\/www.emporioamazonervas.com.br\/index.php\/wp-json\/wp\/v2\/product_tag?post=1365"}],"curies":[{"name":"wp","href":"https:\/\/api.w.org\/{rel}","templated":true}]}}