{"id":1363,"date":"2017-11-22T18:17:09","date_gmt":"2017-11-22T20:17:09","guid":{"rendered":"http:\/\/emporioamazonervas.com.br\/?post_type=product&#038;p=1363"},"modified":"2022-01-27T16:59:16","modified_gmt":"2022-01-27T19:59:16","slug":"oleo-de-cartamo-picolinato-de-cromo-60-capsulas-1000mg","status":"publish","type":"product","link":"https:\/\/www.emporioamazonervas.com.br\/index.php\/produto\/oleo-de-cartamo-picolinato-de-cromo-60-capsulas-1000mg\/","title":{"rendered":"\u00d3leo de C\u00e1rtamo + Picolinato de Cromo &#8211; 60 C\u00e1psulas 1000mg"},"content":{"rendered":"<p>O Cartamo \u00e9 uma planta oleaginosa de origem asi\u00e1tica, cujas sementes possuem elevados teores<br \/>\nde \u00e1cidos graxos monoinsaturados e poliinsaturados tais como \u00e1cido linol\u00e9ico e \u00e1cido ol\u00e9ico. Ele auxilia na redu\u00e7\u00e3o de gordura<br \/>\ncorporal de maneira muito significativa, inibindo o aumento do tecido adiposo fazendo com que o organismo acumule menos<br \/>\ngordura e, conseq\u00fcentemente obrigando o corpo a queimar suas reservas. O uso do \u00f3leo de Cartamo, pode ajudar na<br \/>\nacelera\u00e7\u00e3o do emagrecimento e na tonifica\u00e7\u00e3o muscular, desde que associado de uma dieta alimentar equilibrada e da pr\u00e1tica de<br \/>\nexerc\u00edcios f\u00edsicos. Entre seus benef\u00edcios ele auxilia a redu\u00e7\u00e3o dos n\u00edveis de LDL (mau colesterol) e triglic\u00e9rides: o \u00e1cido ol\u00e9ico<br \/>\n(\u00f4mega 9), al\u00e9m de ajudar a manter os n\u00edveis de colesterol dentro dos limites normais, esse \u00e1cido desempenha um papel<br \/>\nfundamental na s\u00edntese de horm\u00f4nios, regulando os processos metab\u00f3licos do organismo.<br \/>\nPicolinato de Cromo \u00e9 um suplemento diet\u00e9tico, conhecido como a melhor fonte de cromo, que \u00e9 um mineral essencial para a produ\u00e7\u00e3o de insulina do corpo.<br \/>\nO Picolinato de cromo proporciona o aumento de insulina que melhora o recebimento de glicose, melhora a circula\u00e7\u00e3o sangu\u00ednea e manuten\u00e7\u00e3o dos n\u00edveis de a\u00e7\u00facar no sangue, com isso h\u00e1 o ganho de energia, a queima de gorduras e constru\u00e7\u00e3o muscular.<br \/>\nO Picolinato de cromo \u00e9 um composto qu\u00edmico que \u00e9 considerado como suplemento alimentar para prevenir e tratar a defici\u00eancia de cromo. Ele \u00e9 um complexo vermelho brilhante derivado do cromo e \u00e1cido picolinato. Pequenas quantidades de cromo s\u00e3o necess\u00e1rias para utiliza\u00e7\u00e3o da glicose pela insulina, por\u00e9m sua defici\u00eancia \u00e9 extremamente rara e foi observada apenas em pacientes hospitalizados com dietas de longo prazo.<br \/>\nO cromo auxilia o organismo a utilizar a insulina, um horm\u00f4nio que transfere o a\u00e7\u00facar do sangue (glicose) para as c\u00e9lulas onde \u00e9 usado como combust\u00edvel. Quando existe cromo suficiente, o corpo humano utiliza a insulina de forma eficiente e mant\u00e9m n\u00edveis sangu\u00edneos normais de glicose. Al\u00e9m disso, o cromo ajuda no processamento de prote\u00ednas para o aumento de massa muscular e na perda de peso como queimador de gorduras.<\/p>\n","protected":false},"excerpt":{"rendered":"<p>Picolinato de Cromo \u00e9 um suplemento diet\u00e9tico, conhecido como a melhor fonte de cromo, que \u00e9 um mineral essencial para a produ\u00e7\u00e3o de insulina do corpo.<\/p>\n","protected":false},"featured_media":1364,"comment_status":"open","ping_status":"closed","template":"","meta":[],"product_cat":[173],"product_tag":[304,330,84,55,261],"_links":{"self":[{"href":"https:\/\/www.emporioamazonervas.com.br\/index.php\/wp-json\/wp\/v2\/product\/1363"}],"collection":[{"href":"https:\/\/www.emporioamazonervas.com.br\/index.php\/wp-json\/wp\/v2\/product"}],"about":[{"href":"https:\/\/www.emporioamazonervas.com.br\/index.php\/wp-json\/wp\/v2\/types\/product"}],"replies":[{"embeddable":true,"href":"https:\/\/www.emporioamazonervas.com.br\/index.php\/wp-json\/wp\/v2\/comments?post=1363"}],"wp:featuredmedia":[{"embeddable":true,"href":"https:\/\/www.emporioamazonervas.com.br\/index.php\/wp-json\/wp\/v2\/media\/1364"}],"wp:attachment":[{"href":"https:\/\/www.emporioamazonervas.com.br\/index.php\/wp-json\/wp\/v2\/media?parent=1363"}],"wp:term":[{"taxonomy":"product_cat","embeddable":true,"href":"https:\/\/www.emporioamazonervas.com.br\/index.php\/wp-json\/wp\/v2\/product_cat?post=1363"},{"taxonomy":"product_tag","embeddable":true,"href":"https:\/\/www.emporioamazonervas.com.br\/index.php\/wp-json\/wp\/v2\/product_tag?post=1363"}],"curies":[{"name":"wp","href":"https:\/\/api.w.org\/{rel}","templated":true}]}}