{"id":1354,"date":"2017-11-22T15:05:12","date_gmt":"2017-11-22T17:05:12","guid":{"rendered":"http:\/\/emporioamazonervas.com.br\/?post_type=product&#038;p=1354"},"modified":"2022-09-28T09:39:46","modified_gmt":"2022-09-28T12:39:46","slug":"maca-peruana-cha-mais-60-capsulas-480-mg","status":"publish","type":"product","link":"https:\/\/www.emporioamazonervas.com.br\/index.php\/produto\/maca-peruana-cha-mais-60-capsulas-480-mg\/","title":{"rendered":"Maca Peruana 60 C\u00e1psulas 380 mg &#8211; ClinicMais"},"content":{"rendered":"<p style=\"text-align: justify\">A\u00a0<strong>Maca Peruana<\/strong>\u00a0\u00e9 composta por amino\u00e1cidos, carboidratos, fibras, c\u00e1lcio, ferro, magn\u00e9sio, \u00f4mega 3 e 9, fosfato, zinco, pot\u00e1ssio, sel\u00eanio, Vitaminas B1, B2, C, E. Ela tem\u00a0fitoqu\u00edmicos como alcaloides, com caracter\u00edsticas que se assemelham ao estrog\u00eanio e as prostaglandinas, assim a raiz atua na\u00a0<strong>regula\u00e7\u00e3o<\/strong>\u00a0<strong>das fun\u00e7\u00f5es sexuais<\/strong>.<\/p>\n<p style=\"text-align: justify\">A\u00a0<strong>maca peruana<\/strong>\u00a0aumenta o volume do l\u00edquido seminal, melhorando a contagem dos espermatozoides por ejacula\u00e7\u00e3o e a mortalidade esperm\u00e1tica. Ela tamb\u00e9m promove o equil\u00edbrio hormonal do estrog\u00eanio e da progesterona,\u00a0<strong>aumenta a libido<\/strong>\u00a0e o\u00a0<strong>desejo sexual<\/strong>, alivia a ansiedade e o estresse, e ajuda na redu\u00e7\u00e3o de apetite para aqueles que fazem algum tipo de dieta.<\/p>\n<p style=\"text-align: justify\">Ela \u00e9 um alimento bem nutritivo para o sistema end\u00f3crino, e auxilia no funcionamento das gl\u00e2ndulas pituit\u00e1ria, suprarrenal, da tireoide e do hipot\u00e1lamo, que s\u00e3o respons\u00e1veis pelo\u00a0<strong>equil\u00edbrio hormonal<\/strong>, agindo diariamente nos horm\u00f4nios que s\u00e3o consideramos chave dos homens e mulheres, mesmo n\u00e3o contendo nenhum tipo de horm\u00f4nio em sua composi\u00e7\u00e3o.<\/p>\n","protected":false},"excerpt":{"rendered":"<p style=\"text-align: justify\">A\u00a0<strong>maca peruana<\/strong>\u00a0 promove o equil\u00edbrio hormonal do estrog\u00eanio e da progesterona,\u00a0<strong>aumenta a libido<\/strong>\u00a0e o\u00a0<strong>desejo sexual<\/strong>, alivia a ansiedade e o estresse, e ajuda na redu\u00e7\u00e3o de apetite para aqueles que fazem algum tipo de dieta.<\/p>\n","protected":false},"featured_media":1359,"comment_status":"open","ping_status":"closed","template":"","meta":[],"product_cat":[173,39],"product_tag":[222,328,720,327,326],"_links":{"self":[{"href":"https:\/\/www.emporioamazonervas.com.br\/index.php\/wp-json\/wp\/v2\/product\/1354"}],"collection":[{"href":"https:\/\/www.emporioamazonervas.com.br\/index.php\/wp-json\/wp\/v2\/product"}],"about":[{"href":"https:\/\/www.emporioamazonervas.com.br\/index.php\/wp-json\/wp\/v2\/types\/product"}],"replies":[{"embeddable":true,"href":"https:\/\/www.emporioamazonervas.com.br\/index.php\/wp-json\/wp\/v2\/comments?post=1354"}],"wp:featuredmedia":[{"embeddable":true,"href":"https:\/\/www.emporioamazonervas.com.br\/index.php\/wp-json\/wp\/v2\/media\/1359"}],"wp:attachment":[{"href":"https:\/\/www.emporioamazonervas.com.br\/index.php\/wp-json\/wp\/v2\/media?parent=1354"}],"wp:term":[{"taxonomy":"product_cat","embeddable":true,"href":"https:\/\/www.emporioamazonervas.com.br\/index.php\/wp-json\/wp\/v2\/product_cat?post=1354"},{"taxonomy":"product_tag","embeddable":true,"href":"https:\/\/www.emporioamazonervas.com.br\/index.php\/wp-json\/wp\/v2\/product_tag?post=1354"}],"curies":[{"name":"wp","href":"https:\/\/api.w.org\/{rel}","templated":true}]}}