{"id":1353,"date":"2017-11-22T14:56:43","date_gmt":"2017-11-22T16:56:43","guid":{"rendered":"http:\/\/emporioamazonervas.com.br\/?post_type=product&#038;p=1353"},"modified":"2022-12-23T17:36:47","modified_gmt":"2022-12-23T20:36:47","slug":"oleo-de-cartamo-120-capsulas-1000mg","status":"publish","type":"product","link":"https:\/\/www.emporioamazonervas.com.br\/index.php\/produto\/oleo-de-cartamo-120-capsulas-1000mg\/","title":{"rendered":"\u00d3leo de C\u00e1rtamo &#8211; 120 C\u00e1psulas 1000mg"},"content":{"rendered":"<p>O \u00d3leo de Cartamo em mais de duas d\u00e9cadas de estudos mostraram que auxilia na redu\u00e7\u00e3o de gordura corporal de maneira muito significativa, inibindo o aumento do tecido adiposo fazendo com que o organismo acumule menos gordura e, conseq\u00fcentemente obrigando o corpo a queimar suas reservas. O uso do \u00f3leo de Cartamo, segundo os estudos, pode mesmo ajudar na acelera\u00e7\u00e3o do emagrecimento e na tonifica\u00e7\u00e3o muscular, desde que associado de uma dieta alimentar equilibrada e da pr\u00e1tica de exerc\u00edcios f\u00edsicos. Entre seus benef\u00edcios \u00e9 conhecido tamb\u00e9m pela redu\u00e7\u00e3o dos n\u00edveis de LDL (mau colesterol) e triglic\u00e9rides: o \u00e1cido ol\u00e9ico (\u00f4mega 9), al\u00e9m de ajudar a manter os n\u00edveis de colesterol dentro dos limites normais, esse \u00e1cido desempenha um papel fundamental na s\u00edntese de horm\u00f4nios, regulando os processos metab\u00f3licos do organismo.<\/p>\n","protected":false},"excerpt":{"rendered":"<p>O \u00d3leo de Cartamo em mais de duas d\u00e9cadas de estudos mostraram que auxilia na redu\u00e7\u00e3o de gordura corporal de maneira muito significativa.<\/p>\n","protected":false},"featured_media":0,"comment_status":"open","ping_status":"closed","template":"","meta":[],"product_cat":[173],"product_tag":[304,84,55,261,114],"_links":{"self":[{"href":"https:\/\/www.emporioamazonervas.com.br\/index.php\/wp-json\/wp\/v2\/product\/1353"}],"collection":[{"href":"https:\/\/www.emporioamazonervas.com.br\/index.php\/wp-json\/wp\/v2\/product"}],"about":[{"href":"https:\/\/www.emporioamazonervas.com.br\/index.php\/wp-json\/wp\/v2\/types\/product"}],"replies":[{"embeddable":true,"href":"https:\/\/www.emporioamazonervas.com.br\/index.php\/wp-json\/wp\/v2\/comments?post=1353"}],"wp:attachment":[{"href":"https:\/\/www.emporioamazonervas.com.br\/index.php\/wp-json\/wp\/v2\/media?parent=1353"}],"wp:term":[{"taxonomy":"product_cat","embeddable":true,"href":"https:\/\/www.emporioamazonervas.com.br\/index.php\/wp-json\/wp\/v2\/product_cat?post=1353"},{"taxonomy":"product_tag","embeddable":true,"href":"https:\/\/www.emporioamazonervas.com.br\/index.php\/wp-json\/wp\/v2\/product_tag?post=1353"}],"curies":[{"name":"wp","href":"https:\/\/api.w.org\/{rel}","templated":true}]}}