{"id":1310,"date":"2017-11-20T19:32:24","date_gmt":"2017-11-20T21:32:24","guid":{"rendered":"http:\/\/emporioamazonervas.com.br\/?post_type=product&#038;p=1310"},"modified":"2022-01-27T17:06:32","modified_gmt":"2022-01-27T20:06:32","slug":"lecitina-de-soja-100-capsulas-500mg","status":"publish","type":"product","link":"https:\/\/www.emporioamazonervas.com.br\/index.php\/produto\/lecitina-de-soja-100-capsulas-500mg\/","title":{"rendered":"Lecitina de Soja &#8211; 100 C\u00e1psulas 500mg"},"content":{"rendered":"<p>A lecitina de Soja \u00e9 um produto natural preparado a partir da gordura extra\u00edda da soja, que serve para controlar o colesterol, os sintomas da menopausa e favorece o bom funcionamento do sistema nervoso. Funciona como um efetivo detergente do colesterol e triglic\u00e9rides. Cont\u00e9m fitoster\u00f3is, colina e fosfatos que s\u00e3o muito ben\u00e9ficos ao bom funcionamento do c\u00e9rebro e mem\u00f3ria. Fortalece \u00f3rg\u00e3os como rins, f\u00edgado e p\u00e2ncreas e ativa a renova\u00e7\u00e3o das c\u00e9lulas da pele. A lecitina de soja possui propriedades adstringentes, calmantes, anti-reum\u00e1tica, emoliente, fungicida, laxante, t\u00f4nica, hipocolesterol\u00eamica, emulsificante e nutritiva. Mant\u00e9m a beleza e a s\u00e1ude da pele e cabelos;Evita o envelhecimento precoce;Regula a produ\u00e7\u00e3o hormonal;Regulariza a menstrua\u00e7\u00e3o; Minimiza os sintomas da menopausa;Combate a dor de cabe\u00e7a;Aumenta a produ\u00e7\u00e3o de colesterol bom;Aumenta o metabolismo;Controla o colesterol;Ajuda no tratamento da obesidade;Melhora o funcionamento do sistema nervoso;Ajuda na forma\u00e7\u00e3o das membranas celulares.<\/p>\n","protected":false},"excerpt":{"rendered":"<p>A lecitina de Soja \u00e9 um produto natural preparado a partir da gordura extra\u00edda da soja, que serve para controlar o colesterol.<\/p>\n","protected":false},"featured_media":1311,"comment_status":"open","ping_status":"closed","template":"","meta":[],"product_cat":[173],"product_tag":[222,84,91,55],"_links":{"self":[{"href":"https:\/\/www.emporioamazonervas.com.br\/index.php\/wp-json\/wp\/v2\/product\/1310"}],"collection":[{"href":"https:\/\/www.emporioamazonervas.com.br\/index.php\/wp-json\/wp\/v2\/product"}],"about":[{"href":"https:\/\/www.emporioamazonervas.com.br\/index.php\/wp-json\/wp\/v2\/types\/product"}],"replies":[{"embeddable":true,"href":"https:\/\/www.emporioamazonervas.com.br\/index.php\/wp-json\/wp\/v2\/comments?post=1310"}],"wp:featuredmedia":[{"embeddable":true,"href":"https:\/\/www.emporioamazonervas.com.br\/index.php\/wp-json\/wp\/v2\/media\/1311"}],"wp:attachment":[{"href":"https:\/\/www.emporioamazonervas.com.br\/index.php\/wp-json\/wp\/v2\/media?parent=1310"}],"wp:term":[{"taxonomy":"product_cat","embeddable":true,"href":"https:\/\/www.emporioamazonervas.com.br\/index.php\/wp-json\/wp\/v2\/product_cat?post=1310"},{"taxonomy":"product_tag","embeddable":true,"href":"https:\/\/www.emporioamazonervas.com.br\/index.php\/wp-json\/wp\/v2\/product_tag?post=1310"}],"curies":[{"name":"wp","href":"https:\/\/api.w.org\/{rel}","templated":true}]}}