{"id":1291,"date":"2017-11-18T14:12:46","date_gmt":"2017-11-18T16:12:46","guid":{"rendered":"http:\/\/emporioamazonervas.com.br\/?post_type=product&#038;p=1291"},"modified":"2022-01-27T17:10:42","modified_gmt":"2022-01-27T20:10:42","slug":"goji-berry-60-capsulas-500mg","status":"publish","type":"product","link":"https:\/\/www.emporioamazonervas.com.br\/index.php\/produto\/goji-berry-60-capsulas-500mg\/","title":{"rendered":"Goji Berry &#8211; 60 C\u00e1psulas 500mg"},"content":{"rendered":"<p>Goji Berrry \u00e9 capaz de estimular o metabolismo, melhorando o rendimento durante os exerc\u00edcios, o que \u00e9 excelente para a perda de peso. Esse mesmo estudo comprovou que o goji berry diminui a fadiga e o estresse, contribuindo para satisfa\u00e7\u00e3o na pr\u00e1tica de atividade f\u00edsica. Outro ativo interessante que a fruta cont\u00e9m \u00e9 o \u00e1cido linoleico, que ajuda na queima de gordura corporal.<\/p>\n","protected":false},"excerpt":{"rendered":"<p>Goji Berrry \u00e9 capaz de estimular o metabolismo, melhorando o rendimento durante os exerc\u00edcios.<\/p>\n","protected":false},"featured_media":1292,"comment_status":"open","ping_status":"closed","template":"","meta":[],"product_cat":[173],"product_tag":[231,84,55,261],"_links":{"self":[{"href":"https:\/\/www.emporioamazonervas.com.br\/index.php\/wp-json\/wp\/v2\/product\/1291"}],"collection":[{"href":"https:\/\/www.emporioamazonervas.com.br\/index.php\/wp-json\/wp\/v2\/product"}],"about":[{"href":"https:\/\/www.emporioamazonervas.com.br\/index.php\/wp-json\/wp\/v2\/types\/product"}],"replies":[{"embeddable":true,"href":"https:\/\/www.emporioamazonervas.com.br\/index.php\/wp-json\/wp\/v2\/comments?post=1291"}],"wp:featuredmedia":[{"embeddable":true,"href":"https:\/\/www.emporioamazonervas.com.br\/index.php\/wp-json\/wp\/v2\/media\/1292"}],"wp:attachment":[{"href":"https:\/\/www.emporioamazonervas.com.br\/index.php\/wp-json\/wp\/v2\/media?parent=1291"}],"wp:term":[{"taxonomy":"product_cat","embeddable":true,"href":"https:\/\/www.emporioamazonervas.com.br\/index.php\/wp-json\/wp\/v2\/product_cat?post=1291"},{"taxonomy":"product_tag","embeddable":true,"href":"https:\/\/www.emporioamazonervas.com.br\/index.php\/wp-json\/wp\/v2\/product_tag?post=1291"}],"curies":[{"name":"wp","href":"https:\/\/api.w.org\/{rel}","templated":true}]}}