{"id":1289,"date":"2017-11-18T13:19:31","date_gmt":"2017-11-18T15:19:31","guid":{"rendered":"http:\/\/emporioamazonervas.com.br\/?post_type=product&#038;p=1289"},"modified":"2022-09-20T18:30:40","modified_gmt":"2022-09-20T21:30:40","slug":"goji-berry-60-capsulas-400mg","status":"publish","type":"product","link":"https:\/\/www.emporioamazonervas.com.br\/index.php\/produto\/goji-berry-60-capsulas-400mg\/","title":{"rendered":"Goji Berry 60 C\u00e1psulas 400mg &#8211; ClinicMais"},"content":{"rendered":"<p style=\"text-align: justify\">Goji Berry \u00e9 um composto por extrato da fruta Goji Berry, uma fruta de colora\u00e7\u00e3o vermelha \u00e9 proveniente da regi\u00e3o asi\u00e1tica e est\u00e1 em grande evid\u00eancia devido ao seu alto valor nutricional e os benef\u00edcios ao organismo. O uso constante de Goji Berry melhora o bem-estar, colabora para melhor funcionamento do intestino (fibras), controle dos n\u00edveis de colesterol, melhora do sistema imune. Tamb\u00e9m por conter antioxidantes, combate os radicais livres presentes do corpo, o que ajuda na preven\u00e7\u00e3o do envelhecimento precoce da pele e doen\u00e7as. Devido a presen\u00e7a de picolinato de cromo, o qual est\u00e1 relacionado com a libera\u00e7\u00e3o de a\u00e7\u00facar no sangue, este auxilia na diminui\u00e7\u00e3o do consumo de doces e carboidratos, contribuindo para manuten\u00e7\u00e3o do peso. Al\u00e9m disso, devido ao alto teor de Vitamina C, possibilita o organismo a utilizar uma maior quantidade de gordura corporal para processo de queima na obten\u00e7\u00e3o de energia.<\/p>\n<p style=\"text-align: justify\"><strong>Benef\u00edcios \/ Especifica\u00e7\u00f5es:<\/strong><\/p>\n<ul>\n<li>Maior disposi\u00e7\u00e3o di\u00e1ria;<\/li>\n<li>Favorece a obten\u00e7\u00e3o de um corpo saud\u00e1vel;<\/li>\n<li>Poder Antioxidante e Rejuvenescedor;<\/li>\n<li>Aumenta a Imunidade;<\/li>\n<li>Regula os n\u00edveis de colesterol e glicose;<\/li>\n<li>Contribui para eliminar e amenizar a celulite;<\/li>\n<li>N\u00e3o cont\u00e9m gl\u00faten<\/li>\n<\/ul>\n<p class=\"style6\">\n","protected":false},"excerpt":{"rendered":"<p>Goji Berry em c\u00e1psulas\u00a0Ch\u00e1 Mais \u00e9 um composto por extrato da fruta\u00a0Goji Berry,\u00a0uma fruta de colora\u00e7\u00e3o vermelha \u00e9 proveniente\u00a0da regi\u00e3o\u00a0asi\u00e1tica.<\/p>\n","protected":false},"featured_media":2272,"comment_status":"open","ping_status":"closed","template":"","meta":[],"product_cat":[173],"product_tag":[675,316,222,227,586,674,231,508,673,84,55],"_links":{"self":[{"href":"https:\/\/www.emporioamazonervas.com.br\/index.php\/wp-json\/wp\/v2\/product\/1289"}],"collection":[{"href":"https:\/\/www.emporioamazonervas.com.br\/index.php\/wp-json\/wp\/v2\/product"}],"about":[{"href":"https:\/\/www.emporioamazonervas.com.br\/index.php\/wp-json\/wp\/v2\/types\/product"}],"replies":[{"embeddable":true,"href":"https:\/\/www.emporioamazonervas.com.br\/index.php\/wp-json\/wp\/v2\/comments?post=1289"}],"wp:featuredmedia":[{"embeddable":true,"href":"https:\/\/www.emporioamazonervas.com.br\/index.php\/wp-json\/wp\/v2\/media\/2272"}],"wp:attachment":[{"href":"https:\/\/www.emporioamazonervas.com.br\/index.php\/wp-json\/wp\/v2\/media?parent=1289"}],"wp:term":[{"taxonomy":"product_cat","embeddable":true,"href":"https:\/\/www.emporioamazonervas.com.br\/index.php\/wp-json\/wp\/v2\/product_cat?post=1289"},{"taxonomy":"product_tag","embeddable":true,"href":"https:\/\/www.emporioamazonervas.com.br\/index.php\/wp-json\/wp\/v2\/product_tag?post=1289"}],"curies":[{"name":"wp","href":"https:\/\/api.w.org\/{rel}","templated":true}]}}