{"id":1153,"date":"2017-10-31T12:48:13","date_gmt":"2017-10-31T14:48:13","guid":{"rendered":"http:\/\/emporioamazonervas.com.br\/?post_type=product&#038;p=1153"},"modified":"2022-08-26T18:49:33","modified_gmt":"2022-08-26T21:49:33","slug":"amino-bcaa-211-90-capsulas","status":"publish","type":"product","link":"https:\/\/www.emporioamazonervas.com.br\/index.php\/produto\/amino-bcaa-211-90-capsulas\/","title":{"rendered":"Amino BCAA 2:1:1 &#8211; 90 C\u00e1psulas"},"content":{"rendered":"<p style=\"text-align: justify\">Suplemento \u00e0 base dos amino\u00e1cidos essenciais de cadeia ramificada (BCAAs, do ingl\u00eas, Branched-chain Amino Acid): L-valina, L-leucina e L-isoleucina.<\/p>\n<p style=\"text-align: justify\">Os amino\u00e1cidos s\u00e3o os componentes fundamentais das prote\u00ednas que formam, por sua vez, a estrutura b\u00e1sica dos tecidos musculares.<\/p>\n<p style=\"text-align: justify\">Os amino\u00e1cidos essenciais n\u00e3o s\u00e3o fabricados naturalmente pelo organismo humano, por isso \u00e9 importante que sejam ingeridos em quantidade adequada, por meio da alimenta\u00e7\u00e3o ou suplementa\u00e7\u00e3o.<\/p>\n<p style=\"text-align: justify\">Al\u00e9m de ofertar os amino\u00e1cidos de cadeia ramificada, Bcaa traz, em sua composi\u00e7\u00e3o, Vitamina B6, que auxilia na absor\u00e7\u00e3o desses amino\u00e1cidos pelo organismo.<\/p>\n<p style=\"text-align: justify\"><strong>Beneficios:<\/strong><br \/>\nAlta concentra\u00e7\u00e3o de BCAA<br \/>\nVitamina B6, que auxilia a absor\u00e7\u00e3o e utiliza\u00e7\u00e3o do BCAA pelos m\u00fasculos<br \/>\nComplexo de amino\u00e1cidos de r\u00e1pida absor\u00e7\u00e3o muscular<br \/>\nMat\u00e9ria-prima 100% importada.<\/p>\n","protected":false},"excerpt":{"rendered":"<p>O amino BCAA 2:1:1, da Integralmedica \u00e9 um suplemento \u00e0 base de amino\u00e1cidos de cadeia ramificada.<\/p>\n","protected":false},"featured_media":0,"comment_status":"open","ping_status":"closed","template":"","meta":[],"product_cat":[173,39],"product_tag":[293,292,179,42,178],"_links":{"self":[{"href":"https:\/\/www.emporioamazonervas.com.br\/index.php\/wp-json\/wp\/v2\/product\/1153"}],"collection":[{"href":"https:\/\/www.emporioamazonervas.com.br\/index.php\/wp-json\/wp\/v2\/product"}],"about":[{"href":"https:\/\/www.emporioamazonervas.com.br\/index.php\/wp-json\/wp\/v2\/types\/product"}],"replies":[{"embeddable":true,"href":"https:\/\/www.emporioamazonervas.com.br\/index.php\/wp-json\/wp\/v2\/comments?post=1153"}],"wp:attachment":[{"href":"https:\/\/www.emporioamazonervas.com.br\/index.php\/wp-json\/wp\/v2\/media?parent=1153"}],"wp:term":[{"taxonomy":"product_cat","embeddable":true,"href":"https:\/\/www.emporioamazonervas.com.br\/index.php\/wp-json\/wp\/v2\/product_cat?post=1153"},{"taxonomy":"product_tag","embeddable":true,"href":"https:\/\/www.emporioamazonervas.com.br\/index.php\/wp-json\/wp\/v2\/product_tag?post=1153"}],"curies":[{"name":"wp","href":"https:\/\/api.w.org\/{rel}","templated":true}]}}