{"id":1147,"date":"2017-10-31T11:29:27","date_gmt":"2017-10-31T13:29:27","guid":{"rendered":"http:\/\/emporioamazonervas.com.br\/?post_type=product&#038;p=1147"},"modified":"2022-11-08T18:57:40","modified_gmt":"2022-11-08T21:57:40","slug":"amino-bcaa-top-120-capsulas","status":"publish","type":"product","link":"https:\/\/www.emporioamazonervas.com.br\/index.php\/produto\/amino-bcaa-top-120-capsulas\/","title":{"rendered":"Amino BCAA Top 120 Caps &#8211; Integralm\u00e9dica"},"content":{"rendered":"<p>Benef\u00edcios do BCAA Integralm\u00e9dica:<\/p>\n<p style=\"text-align: justify\">O BCAA corresponde a, aproximadamente, um ter\u00e7o do total de amino\u00e1cidos da musculatura. Estes amino\u00e1cidos (leucina, isoleucina e valina) s\u00e3o considerados essenciais, isto \u00e9, n\u00e3o s\u00e3o produzidos pelo organismo e devem ser obtidos por meio de alimenta\u00e7\u00e3o ou suplementa\u00e7\u00e3o.<\/p>\n<p style=\"text-align: justify\">Estas part\u00edculas s\u00e3o fundamentais para as rea\u00e7\u00f5es de s\u00edntese dos m\u00fasculos. As c\u00e9lulas do nosso corpo utilizam estes amino\u00e1cidos para o processo de s\u00edntese de prote\u00ednas, essencial na constru\u00e7\u00e3o muscular.<\/p>\n<p style=\"text-align: justify\">Com mat\u00e9ria-prima 100% importada, o AMINO BCAA TOP protege a musculatura do catabolismo, processo que ocorre quando o corpo utiliza os m\u00fasculos como fonte de energia, diminuindo a massa muscular.<\/p>\n<p style=\"text-align: justify\">BCAA TOP tamb\u00e9m aumenta a energia, melhorando a qualidade dos treinos, al\u00e9m de acelerar o metabolismo, ser de r\u00e1pida absor\u00e7\u00e3o e oferecer vitamina B6, o que facilita a utiliza\u00e7\u00e3o do BCAA pelos m\u00fasculos.<\/p>\n<p style=\"text-align: justify\">INDICA\u00c7\u00c3O:O AMINO BCAA TOP \u00e9 ideal para atletas de alto n\u00edvel que realizam provas de resist\u00eancia. Tamb\u00e9m \u00e9 indicado para praticantes de atividades de endurance e intermitentes, como artes marciais, ciclismo, futebol, maratona, t\u00eanis, triathlon e exerc\u00edcios com peso que precisam de maior resist\u00eancia e recupera\u00e7\u00e3o dos m\u00fasculos.<\/p>\n","protected":false},"excerpt":{"rendered":"<p><strong>O AMINO BCAA TOP\u00a0<\/strong>da Integralm\u00e9dica \u00e9 um suplemento formulado com complexo de amino\u00e1cidos de cadeia ramificada (BCAA), que auxilia no aumento de massa muscular magra, oferece energia e protege os m\u00fasculos.<\/p>\n","protected":false},"featured_media":2354,"comment_status":"open","ping_status":"closed","template":"","meta":[],"product_cat":[173],"product_tag":[293,292,179,42,40,679],"_links":{"self":[{"href":"https:\/\/www.emporioamazonervas.com.br\/index.php\/wp-json\/wp\/v2\/product\/1147"}],"collection":[{"href":"https:\/\/www.emporioamazonervas.com.br\/index.php\/wp-json\/wp\/v2\/product"}],"about":[{"href":"https:\/\/www.emporioamazonervas.com.br\/index.php\/wp-json\/wp\/v2\/types\/product"}],"replies":[{"embeddable":true,"href":"https:\/\/www.emporioamazonervas.com.br\/index.php\/wp-json\/wp\/v2\/comments?post=1147"}],"wp:featuredmedia":[{"embeddable":true,"href":"https:\/\/www.emporioamazonervas.com.br\/index.php\/wp-json\/wp\/v2\/media\/2354"}],"wp:attachment":[{"href":"https:\/\/www.emporioamazonervas.com.br\/index.php\/wp-json\/wp\/v2\/media?parent=1147"}],"wp:term":[{"taxonomy":"product_cat","embeddable":true,"href":"https:\/\/www.emporioamazonervas.com.br\/index.php\/wp-json\/wp\/v2\/product_cat?post=1147"},{"taxonomy":"product_tag","embeddable":true,"href":"https:\/\/www.emporioamazonervas.com.br\/index.php\/wp-json\/wp\/v2\/product_tag?post=1147"}],"curies":[{"name":"wp","href":"https:\/\/api.w.org\/{rel}","templated":true}]}}