{"id":1134,"date":"2017-10-26T14:12:09","date_gmt":"2017-10-26T16:12:09","guid":{"rendered":"http:\/\/emporioamazonervas.com.br\/?post_type=product&#038;p=1134"},"modified":"2022-09-20T16:54:47","modified_gmt":"2022-09-20T19:54:47","slug":"cogumelo-e-geleia-real-100-capsulas-450mg","status":"publish","type":"product","link":"https:\/\/www.emporioamazonervas.com.br\/index.php\/produto\/cogumelo-e-geleia-real-100-capsulas-450mg\/","title":{"rendered":"Cogumelo e Geleia Real 100 caps 450mg &#8211; ClinicMais"},"content":{"rendered":"<p>&nbsp;<\/p>\n<p style=\"text-align: justify\">Cogumelo e Gel\u00e9ia Real possuem\u00a0subst\u00e2ncias antioxidantes que agem em processos de regenera\u00e7\u00e3o das c\u00e9lulas, desenvolvendo uma importante a\u00e7\u00e3o fisiol\u00f3gica, ela cont\u00e9m amino\u00e1cidos (prolina e hidro- xiprolina) que s\u00e3o precursores do col\u00e1geno e da elastina.<\/p>\n<p style=\"text-align: justify\">\n<p style=\"text-align: justify\">O Cogumelo\u00a0Agaricus blazei\u00a0presente neste produto \u00e9 uma \u00f3tima fonte de polissacar\u00eddeos, compostos que auxiliam na\u00a0ativa\u00e7\u00e3o do sistema imunol\u00f3gico, por conter subst\u00e2ncias que estimulam as c\u00e9lulas Natural Killer e fortalecem as\u00a0defesas org\u00e2nicas.\u00a0Esta composi\u00e7\u00e3o pode colaborar no fortalecimento do sistema imunol\u00f3gico, colaborando na preven\u00e7\u00e3o e melhora nos casos de resfriados, revitalizando o organismo de pessoas em situa\u00e7\u00e3o de estresse f\u00edsico e mental.<\/p>\n<p>&nbsp;<\/p>\n<p style=\"text-align: justify\">Este produto proporciona:<\/p>\n<ul style=\"text-align: justify\">\n<li>Menos cansa\u00e7o f\u00edsico e mental, aumento de energia e ativa\u00e7\u00e3o das fun\u00e7\u00f5es cerebrais<\/li>\n<li>Propriedade imunomodulat\u00f3ria e atividade antimicrobiana<\/li>\n<li>Possui propriedades antienvelhecimento<\/li>\n<\/ul>\n<p style=\"text-align: justify\">\n&#8211; N\u00c3O CONT\u00c9M GL\u00daTEN.<\/p>\n<p>&nbsp;<\/p>\n","protected":false},"excerpt":{"rendered":"<p>&nbsp; Cogumelo e Gel\u00e9ia Real possuem\u00a0subst\u00e2ncias antioxidantes que agem em processos de regenera\u00e7\u00e3o das c\u00e9lulas,<a class=\"read-more\" href=\"https:\/\/www.emporioamazonervas.com.br\/index.php\/produto\/cogumelo-e-geleia-real-100-capsulas-450mg\/\">&#8230;<\/a><\/p>\n","protected":false},"featured_media":2262,"comment_status":"open","ping_status":"closed","template":"","meta":[],"product_cat":[173],"product_tag":[664,593,665,663,626,55,112,113,114],"_links":{"self":[{"href":"https:\/\/www.emporioamazonervas.com.br\/index.php\/wp-json\/wp\/v2\/product\/1134"}],"collection":[{"href":"https:\/\/www.emporioamazonervas.com.br\/index.php\/wp-json\/wp\/v2\/product"}],"about":[{"href":"https:\/\/www.emporioamazonervas.com.br\/index.php\/wp-json\/wp\/v2\/types\/product"}],"replies":[{"embeddable":true,"href":"https:\/\/www.emporioamazonervas.com.br\/index.php\/wp-json\/wp\/v2\/comments?post=1134"}],"wp:featuredmedia":[{"embeddable":true,"href":"https:\/\/www.emporioamazonervas.com.br\/index.php\/wp-json\/wp\/v2\/media\/2262"}],"wp:attachment":[{"href":"https:\/\/www.emporioamazonervas.com.br\/index.php\/wp-json\/wp\/v2\/media?parent=1134"}],"wp:term":[{"taxonomy":"product_cat","embeddable":true,"href":"https:\/\/www.emporioamazonervas.com.br\/index.php\/wp-json\/wp\/v2\/product_cat?post=1134"},{"taxonomy":"product_tag","embeddable":true,"href":"https:\/\/www.emporioamazonervas.com.br\/index.php\/wp-json\/wp\/v2\/product_tag?post=1134"}],"curies":[{"name":"wp","href":"https:\/\/api.w.org\/{rel}","templated":true}]}}