{"id":1089,"date":"2017-10-19T14:23:54","date_gmt":"2017-10-19T16:23:54","guid":{"rendered":"http:\/\/emporioamazonervas.com.br\/?post_type=product&#038;p=1089"},"modified":"2023-06-02T02:46:30","modified_gmt":"2023-06-02T05:46:30","slug":"calciod3-suplemento-de-calcio-e-vitamina-d-60-capsulas-860-mg","status":"publish","type":"product","link":"https:\/\/www.emporioamazonervas.com.br\/index.php\/produto\/calciod3-suplemento-de-calcio-e-vitamina-d-60-capsulas-860-mg\/","title":{"rendered":"C\u00e1lcio+D3 Suplemento de C\u00e1lcio e Vitamina D &#8211; 60 C\u00e1psulas 500 mg"},"content":{"rendered":"<p>O c\u00e1lcio \u00e9 o mineral mais comum e abundante no corpo sendo encontrado principalmente nos ossos\u00a0e dentes, e em quantidades bem menores tamb\u00e9m no sangue e tecidos moles. A vitamina D \u00e9 quem ajuda o\u00a0organismo a absorver ao m\u00e1ximo o c\u00e1lcio. Nossos ossos s\u00e3o feitos de c\u00e1lcio e fosfato, e quando eles ficam fr\u00e1geis,\u00a0principalmente por falta desses elementos e tamb\u00e9m de vitamina D, que \u00e9 a sua precursora, \u00e9 causada a\u00a0osteoporose, que tamb\u00e9m pode ser causada por fatores heredit\u00e1rios, falta de exerc\u00edcios f\u00edsicos e fatores hormonais.<\/p>\n<p><strong>Benef\u00edcios:<\/strong>\u00a0O C\u00e1lcio e Vitamina D auxiliam a manter a sa\u00fade dos sistemas estruturais e a sa\u00fade do sistema\u00a0nervoso. Ajuda a fortificar ossos, dentes e unhas mantendo os saud\u00e1veis e principalmente auxiliando na preven\u00e7\u00e3o\u00a0da osteoporose.<\/p>\n<p>&nbsp;<\/p>\n","protected":false},"excerpt":{"rendered":"<p>O C\u00e1lcio e Vitamina D auxiliam a manter a sa\u00fade dos sistemas estruturais e a sa\u00fade do sistema\u00a0nervoso.<\/p>\n","protected":false},"featured_media":0,"comment_status":"open","ping_status":"closed","template":"","meta":[],"product_cat":[173,257],"product_tag":[268,269,89,270,264,267],"_links":{"self":[{"href":"https:\/\/www.emporioamazonervas.com.br\/index.php\/wp-json\/wp\/v2\/product\/1089"}],"collection":[{"href":"https:\/\/www.emporioamazonervas.com.br\/index.php\/wp-json\/wp\/v2\/product"}],"about":[{"href":"https:\/\/www.emporioamazonervas.com.br\/index.php\/wp-json\/wp\/v2\/types\/product"}],"replies":[{"embeddable":true,"href":"https:\/\/www.emporioamazonervas.com.br\/index.php\/wp-json\/wp\/v2\/comments?post=1089"}],"wp:attachment":[{"href":"https:\/\/www.emporioamazonervas.com.br\/index.php\/wp-json\/wp\/v2\/media?parent=1089"}],"wp:term":[{"taxonomy":"product_cat","embeddable":true,"href":"https:\/\/www.emporioamazonervas.com.br\/index.php\/wp-json\/wp\/v2\/product_cat?post=1089"},{"taxonomy":"product_tag","embeddable":true,"href":"https:\/\/www.emporioamazonervas.com.br\/index.php\/wp-json\/wp\/v2\/product_tag?post=1089"}],"curies":[{"name":"wp","href":"https:\/\/api.w.org\/{rel}","templated":true}]}}