{"id":1055,"date":"2017-10-18T12:31:54","date_gmt":"2017-10-18T14:31:54","guid":{"rendered":"http:\/\/emporioamazonervas.com.br\/?post_type=product&#038;p=1055"},"modified":"2022-08-26T12:51:51","modified_gmt":"2022-08-26T15:51:51","slug":"amora-e-germen-de-soja-100-capsulas-600-mg","status":"publish","type":"product","link":"https:\/\/www.emporioamazonervas.com.br\/index.php\/produto\/amora-e-germen-de-soja-100-capsulas-600-mg\/","title":{"rendered":"Amora e G\u00e9rmen de Soja 100 C\u00e1psulas 600 mg"},"content":{"rendered":"<p><strong>Amora e g\u00e9rmen de soja:<\/strong><\/p>\n<p>A combina\u00e7\u00e3o da amora e do g\u00e9rmen de soja dois componentes que atuam\u00a0com grande efic\u00e1cia nos sintomas da menopausa.\u00a0Tendo como principais\u00a0benef\u00edcios a regula\u00e7\u00e3o dos horm\u00f4nios tratando e amenizando\u00a0a irrita\u00e7\u00e3o, ansiedade, nervosismo, mem\u00f3ria fraca, dores musculares e nas articula\u00e7\u00f5es.<\/p>\n<p>Benef\u00edcios:<\/p>\n<ul>\n<li>Melhora os sintomas da menopausa;<\/li>\n<li>Regula os n\u00edveis de horm\u00f4nios;<\/li>\n<li>Alivia as ondas de calor;<\/li>\n<li>Reduz o estresse e nervosismo;<\/li>\n<li>Auxilia no tratamento da osteoporose;<\/li>\n<li>Anti-inflamat\u00f3ria e diur\u00e9tica;<\/li>\n<li>Contribui no controle do colesterol;<\/li>\n<li>Aumento da libido;<\/li>\n<li>Menores desconfortos com o fogacho (ondas de calor da menopausa).<\/li>\n<\/ul>\n<p>As isoflavonas presentes no <strong>G\u00e9rmen de Soja<\/strong> \u00e9 a melhor alternativa para mulheres que resolveram optar por um tratamento natural de reposi\u00e7\u00e3o hormonal durante a menopausa, uma vez que ela n\u00e3o oferece nenhum tipo de risco para a sa\u00fade da mulher, visto que \u00e9 um composto 100% natural.<\/p>\n<p>E a <strong>amora<\/strong> cont\u00e9m \u00e1cido el\u00e1gico que tem a\u00e7\u00e3o positiva sobre o sistema cerebral e o complexo card\u00edaco com fun\u00e7\u00e3o antioxidante, melhora os sintomas da menopausa, auxilia na regula\u00e7\u00e3o dos horm\u00f4nios, melhora a qualidade do seu sono e trata a ansiedade e irrita\u00e7\u00e3o.<\/p>\n<p>&nbsp;<\/p>\n","protected":false},"excerpt":{"rendered":"<p>As\u00a0<strong>C\u00e1psulas de Amora e G\u00e9rmen de Soja da Ch\u00e1 Mais<\/strong>\u00a0agem de forma sin\u00e9rgica no organismo feminino, auxiliando a mulher a vencer os sintomas da menopausa.<\/p>\n","protected":false},"featured_media":1056,"comment_status":"open","ping_status":"closed","template":"","meta":[],"product_cat":[173],"product_tag":[238,179,222,511,239,509,510,327,240,317],"_links":{"self":[{"href":"https:\/\/www.emporioamazonervas.com.br\/index.php\/wp-json\/wp\/v2\/product\/1055"}],"collection":[{"href":"https:\/\/www.emporioamazonervas.com.br\/index.php\/wp-json\/wp\/v2\/product"}],"about":[{"href":"https:\/\/www.emporioamazonervas.com.br\/index.php\/wp-json\/wp\/v2\/types\/product"}],"replies":[{"embeddable":true,"href":"https:\/\/www.emporioamazonervas.com.br\/index.php\/wp-json\/wp\/v2\/comments?post=1055"}],"wp:featuredmedia":[{"embeddable":true,"href":"https:\/\/www.emporioamazonervas.com.br\/index.php\/wp-json\/wp\/v2\/media\/1056"}],"wp:attachment":[{"href":"https:\/\/www.emporioamazonervas.com.br\/index.php\/wp-json\/wp\/v2\/media?parent=1055"}],"wp:term":[{"taxonomy":"product_cat","embeddable":true,"href":"https:\/\/www.emporioamazonervas.com.br\/index.php\/wp-json\/wp\/v2\/product_cat?post=1055"},{"taxonomy":"product_tag","embeddable":true,"href":"https:\/\/www.emporioamazonervas.com.br\/index.php\/wp-json\/wp\/v2\/product_tag?post=1055"}],"curies":[{"name":"wp","href":"https:\/\/api.w.org\/{rel}","templated":true}]}}