{"id":1036,"date":"2017-10-16T16:56:53","date_gmt":"2017-10-16T18:56:53","guid":{"rendered":"http:\/\/emporioamazonervas.com.br\/?post_type=product&#038;p=1036"},"modified":"2022-12-23T17:39:08","modified_gmt":"2022-12-23T20:39:08","slug":"oleo-de-alho-100-capsulas-45-g","status":"publish","type":"product","link":"https:\/\/www.emporioamazonervas.com.br\/index.php\/produto\/oleo-de-alho-100-capsulas-45-g\/","title":{"rendered":"\u00d3leo de Alho 60 Caps 500mg &#8211; ClinicMais"},"content":{"rendered":"<p>O \u00f3leo de alho s\u00e3o famosos por seus benef\u00edcios para a sa\u00fade, vez que ajuda a regular o colesterol, reduzindo os n\u00edveis de LDL (mau colesterol) e aumentando os n\u00edveis de HDL (colesterol bom), fator importante para quem pretende emagrecer, al\u00e9m de beneficiar o sistema imunol\u00f3gico e oferecer prote\u00e7\u00e3o contra doen\u00e7as card\u00edacas, \u00a0atua rapidamente contra bronquite, tosses cr\u00f4nicas, infec\u00e7\u00f5es respirat\u00f3rias.\u00a0O \u00f3leo de alho cont\u00e9m amino\u00e1cidos, c\u00e1lcio, enxofre, iodo, ferro, s\u00f3dio, vitaminas e alisina, um anti-inflamat\u00f3rio natural e bactericida.<\/p>\n","protected":false},"excerpt":{"rendered":"<p>O \u00f3leo de alho cont\u00e9m amino\u00e1cidos, c\u00e1lcio, enxofre, iodo, ferro, s\u00f3dio, vitaminas e alisina, um anti-inflamat\u00f3rio natural e bactericida.<\/p>\n","protected":false},"featured_media":2773,"comment_status":"open","ping_status":"closed","template":"","meta":[],"product_cat":[173,57],"product_tag":[221,222,223,224],"_links":{"self":[{"href":"https:\/\/www.emporioamazonervas.com.br\/index.php\/wp-json\/wp\/v2\/product\/1036"}],"collection":[{"href":"https:\/\/www.emporioamazonervas.com.br\/index.php\/wp-json\/wp\/v2\/product"}],"about":[{"href":"https:\/\/www.emporioamazonervas.com.br\/index.php\/wp-json\/wp\/v2\/types\/product"}],"replies":[{"embeddable":true,"href":"https:\/\/www.emporioamazonervas.com.br\/index.php\/wp-json\/wp\/v2\/comments?post=1036"}],"wp:featuredmedia":[{"embeddable":true,"href":"https:\/\/www.emporioamazonervas.com.br\/index.php\/wp-json\/wp\/v2\/media\/2773"}],"wp:attachment":[{"href":"https:\/\/www.emporioamazonervas.com.br\/index.php\/wp-json\/wp\/v2\/media?parent=1036"}],"wp:term":[{"taxonomy":"product_cat","embeddable":true,"href":"https:\/\/www.emporioamazonervas.com.br\/index.php\/wp-json\/wp\/v2\/product_cat?post=1036"},{"taxonomy":"product_tag","embeddable":true,"href":"https:\/\/www.emporioamazonervas.com.br\/index.php\/wp-json\/wp\/v2\/product_tag?post=1036"}],"curies":[{"name":"wp","href":"https:\/\/api.w.org\/{rel}","templated":true}]}}