{"id":1014,"date":"2017-10-11T14:24:30","date_gmt":"2017-10-11T17:24:30","guid":{"rendered":"http:\/\/emporioamazonervas.com.br\/?post_type=product&#038;p=1014"},"modified":"2023-02-10T11:43:02","modified_gmt":"2023-02-10T14:43:02","slug":"adocante-stevia-natus-100-natural-500mg","status":"publish","type":"product","link":"https:\/\/www.emporioamazonervas.com.br\/index.php\/produto\/adocante-stevia-natus-100-natural-500mg\/","title":{"rendered":"Ado\u00e7ante Life St\u00e9via 50 sach\u00eas &#8211; Stevia Natus"},"content":{"rendered":"<p>O\u00a0<strong>Ado\u00e7ante St\u00e9via<\/strong>\u00a0\u00e9 uma excelente op\u00e7\u00e3o de ado\u00e7ante de mesa em p\u00f3.<br \/>\nSeu processo de extra\u00e7\u00e3o \u00e9 livre de produtos qu\u00edmicos, sem deixar sabor residual no paladar, sendo uma op\u00e7\u00e3o mais saud\u00e1vel. Cont\u00e9m 50 sach\u00eas.<\/p>\n","protected":false},"excerpt":{"rendered":"<p>O ado\u00e7ante LIFE STEVIA \u00e9 produzido com o melhor da Stevia, ado\u00e7a mais que o a\u00e7\u00facar comum, sem deixar gosto residual e com zero calorias.<\/p>\n<p>\u00c9 indicado para quem n\u00e3o pode consumir a\u00e7\u00facar e por quem optou por uma vida mais natural e saud\u00e1vel.<\/p>\n<p>RECOMENDA\u00c7\u00c3O:<\/p>\n<p>Recomendado para substitui\u00e7\u00e3o do a\u00e7\u00facar. N\u00e3o cont\u00e9m a\u00e7\u00facar adicionado. Cada sach\u00ea de Stevia life equivale ao poder ado\u00e7ante de 2 colheres de ch\u00e1 de a\u00e7\u00facar.<\/p>\n","protected":false},"featured_media":2866,"comment_status":"open","ping_status":"closed","template":"","meta":[],"product_cat":[196],"product_tag":[204,84,191,55,210],"_links":{"self":[{"href":"https:\/\/www.emporioamazonervas.com.br\/index.php\/wp-json\/wp\/v2\/product\/1014"}],"collection":[{"href":"https:\/\/www.emporioamazonervas.com.br\/index.php\/wp-json\/wp\/v2\/product"}],"about":[{"href":"https:\/\/www.emporioamazonervas.com.br\/index.php\/wp-json\/wp\/v2\/types\/product"}],"replies":[{"embeddable":true,"href":"https:\/\/www.emporioamazonervas.com.br\/index.php\/wp-json\/wp\/v2\/comments?post=1014"}],"wp:featuredmedia":[{"embeddable":true,"href":"https:\/\/www.emporioamazonervas.com.br\/index.php\/wp-json\/wp\/v2\/media\/2866"}],"wp:attachment":[{"href":"https:\/\/www.emporioamazonervas.com.br\/index.php\/wp-json\/wp\/v2\/media?parent=1014"}],"wp:term":[{"taxonomy":"product_cat","embeddable":true,"href":"https:\/\/www.emporioamazonervas.com.br\/index.php\/wp-json\/wp\/v2\/product_cat?post=1014"},{"taxonomy":"product_tag","embeddable":true,"href":"https:\/\/www.emporioamazonervas.com.br\/index.php\/wp-json\/wp\/v2\/product_tag?post=1014"}],"curies":[{"name":"wp","href":"https:\/\/api.w.org\/{rel}","templated":true}]}}